{"id":1167,"date":"2016-08-04T08:17:13","date_gmt":"2016-08-04T08:17:13","guid":{"rendered":"http:\/\/hull.de\/luebbecke\/?page_id=6"},"modified":"2022-02-14T16:06:00","modified_gmt":"2022-02-14T15:06:00","slug":"familie-hull","status":"publish","type":"page","link":"https:\/\/hull.de\/luebbecke\/familie-hull\/","title":{"rendered":"Familie Hull"},"content":{"rendered":"<p><div class=\"fusion-fullwidth fullwidth-box fusion-builder-row-1 fusion-flex-container fusion-parallax-none nonhundred-percent-fullwidth non-hundred-percent-height-scrolling\" style=\"--awb-background-blend-mode:overlay;--awb-border-sizes-top:0px;--awb-border-sizes-bottom:0px;--awb-border-sizes-left:0px;--awb-border-sizes-right:0px;--awb-border-radius-top-left:0px;--awb-border-radius-top-right:0px;--awb-border-radius-bottom-right:0px;--awb-border-radius-bottom-left:0px;--awb-padding-top:5%;--awb-padding-bottom:6%;--awb-background-color:rgba(0,0,0,0.51);--awb-background-image:linear-gradient(180deg, rgba(0,0,0,0) 50%,#ffffff 100%),url(http:\/\/hull.de\/luebbecke\/wp-content\/uploads\/sites\/9\/2022\/02\/Geschichte_Hull.jpg);;--awb-background-size:cover;--awb-flex-wrap:wrap;\" ><div class=\"fusion-builder-row fusion-row fusion-flex-align-items-flex-start fusion-flex-justify-content-center fusion-flex-content-wrap\" style=\"max-width:calc( 1170px + 0px );margin-left: calc(-0px \/ 2 );margin-right: calc(-0px \/ 2 );\"><div class=\"fusion-layout-column fusion_builder_column fusion-builder-column-0 fusion_builder_column_1_1 1_1 fusion-flex-column fusion-animated\" style=\"--awb-padding-left:;--awb-bg-size:cover;--awb-width-large:100%;--awb-margin-top-large:;--awb-spacing-right-large:0px;--awb-margin-bottom-large:20px;--awb-spacing-left-large:0px;--awb-width-medium:75%;--awb-spacing-right-medium:0px;--awb-spacing-left-medium:0px;--awb-width-small:100%;--awb-spacing-right-small:0px;--awb-spacing-left-small:0px;\" data-animationType=\"fadeInDown\" data-animationDuration=\"1.0\" data-animationOffset=\"top-into-view\"><div class=\"fusion-column-wrapper fusion-flex-justify-content-flex-start fusion-content-layout-column\"><div class=\"fusion-separator fusion-full-width-sep\" style=\"align-self: center;margin-left: auto;margin-right: auto;margin-top:20px;width:100%;\"><\/div><div class=\"fusion-title title fusion-title-1 fusion-sep-none fusion-title-center fusion-title-text fusion-title-size-one\" style=\"--awb-text-color:#ffffff;--awb-margin-top:15px;\"><h1 class=\"fusion-title-heading title-heading-center fusion-responsive-typography-calculated\" style=\"margin:0;--fontSize:90;line-height:1;\">DIE GESCHICHTE DER TANZSCHULE <span style=\"color: rgb(231, 40, 107);\"><span style=\"color: rgb(69, 34, 51);\">HULL<\/span><\/span><\/h1><\/div><div class=\"fusion-text fusion-text-1 awb-text-cols fusion-text-columns-2\" style=\"--awb-text-color:#ffffff;--awb-columns:2;--awb-column-spacing:2em;--awb-column-min-width:100px;\"><p style=\"text-align: left;\">Die Tanzschule Hull in Osnabr\u00fcck geh\u00f6rt wie selbstverst\u00e4ndlich zur Stadt und ist \u00fcber den Landkreis hinaus bekannt. Wenn in einigen Punkten vielleicht auch etwas glamour\u00f6ser als andere, ist sie dennoch ein typisches mittelst\u00e4ndisches Familienunternehmen in Deutschland. Wenn man es ganz genau nimmt, wurde ihr Grundstein aber eigentlich im weit entfernten Singapur gelegt. 1948 begegneten sich dort bei der Royal Air Force n\u00e4mlich die lebensfrohe und tanzbegeisterte Maureen und der charmante Flieger Pat Hull. Und man k\u00f6nnte sagen, hier beginnt die Geschichte der Tanzschule in Osnabr\u00fcck. Denn nachdem die beiden mehrmals gemeinsam das Tanzbein geschwungen hatten, standen f\u00fcr sie zwei Dinge fest: erstens, dass sie als Tanzpaar gl\u00e4nzend harmonierten und zweitens, dass sie auch abseits des Parketts ein Paar sein wollten. Aus dieser Erkenntnis gingen nicht nur die drei Kinder Damian, Patsy und Michael hervor, sondern sp\u00e4ter auch die Tanzschule Hull in Osnabr\u00fcck.<\/p>\n<p style=\"text-align: left;\">Die fern\u00f6stliche Episode der Familie Hull endete 1959, als Major Pat Hull als Fluglehrer und Pr\u00fcfer zur damals noch sehr jungen Bundeswehr nach Deutschland abkommandiert wurde. Wie f\u00fcr eine Soldatenfamilie \u00fcblich, folgten noch weitere Standortwechsel, bevor die Hulls in Diepholz ein Zuhause und schnell Anschluss an den \u00f6rtlichen Tanzclub fanden. Dessen Mitglieder unterst\u00fctzte das Ehepaar Hull so begeistert und sachkundig, dass Pat und Maureen sich 1962 in der Spitzenklasse der Seniorenpaare der BRD auf den dritten Platz tanzten.<\/p>\n<p style=\"text-align: left;\">Kurz darauf musste die Familie berufsbedingt jedoch wiederum Abschied nehmen. F\u00fcr einige Zeit war Gro\u00dfbritannien das Zuhause der Hulls, wo Pat als Transportflieger arbeitete und sich nebenbei mit Maureen auf die Tanzlehrerpr\u00fcfung vorbereitete. Aus dieser Zeit wird berichtet, dass sich vor allem Pat immer \u00f6fter nach einem sch\u00f6nen Osnabr\u00fccker Pils sehnte. Ob diese Sehnsucht nun der ausschlaggebende Grund f\u00fcr den Aufbruch war, ist nicht bekannt \u2013 jedenfalls packten die Hulls 1966 ihre Siebensachen, zogen nach Osnabr\u00fcck in \u201egood old Germany\u201c und etablierten sich mit ihrer Tanzschule zuerst im traditionsreichen Lortzinghaus an der Katharinenkirche.<\/p>\n<p style=\"text-align: left;\">Aller Anfang ist oft schwer und so war auch der Beginn der Tanzschule Hull mehr als bescheiden: anfangs wurde ein Saal f\u00fcr zwei Stunden in der Woche gebucht, in denen die Hulls zwei Paare, ihre einzigen Tanzsch\u00fcler, unterrichteten. Doch mit der Zeit wuchs die Schar der Anh\u00e4nger, bis die Hulls eines Tages das ganze Haus mieteten und schlie\u00dflich auch alle R\u00e4ume des Lortzinghauses nicht mehr ausreichten, um den vielen tanzbegeisterten Osnabr\u00fcckern gen\u00fcgend Platz zu bieten.<\/p>\n<p style=\"text-align: left;\">Eine naheliegende und \u2013 wie sich sp\u00e4ter herausstellen sollte \u2013 effektvolle Form des Babysittens war f\u00fcr das Ehepaar Hull schon immer, ihre Kinder beim Tanzen einfach mitzunehmen. Dieser fr\u00fche Kontakt mit dem Tanzen und der netten Gesellschaft trug aussichtsreiche Fr\u00fcchte: Damian und Patsy, die beiden \u00e4lteren Geschwister, schlossen wie ihre Eltern die Tanzlehrerausbildung ab und wurden beide im Profitanzsport erfolgreich. Auch das Nesth\u00e4kchen Michael folgte sp\u00e4ter ihrem Beispiel. Wie bei diesem Familienerbe eigentlich nicht anders zu erwarten, entschloss auch er sich, sein Leben tanzend zu meistern.<\/p>\n<p style=\"text-align: left;\">1974 stand wieder ein Umzug an. Diesmal allerdings innerhalb Osnabr\u00fccks. Die florierende Tanzschule brauchte einfach mehr Raum. Zuerst mieteten sich die Hulls \u00fcbergangsweise noch in anderen S\u00e4len ein, bevor das ehemalige B\u00e4ckereihaus Blanke umgebaut und neue Heimat der Tanzschule Hull wurde. Wie sehr ihr das Gelingen des Familienunternehmens am Herzen lag, zeigte Mutter Maureen unmissverst\u00e4ndlich, als sie am Tag vor der Er\u00f6ffnung kurzerhand die Maler im Haus einsperrte, damit diese ihre Arbeit auch ganz bestimmt zu Ende brachten. Die Verzweiflungstat war von Erfolg gekr\u00f6nt: alle Renovierungs- und Umbauma\u00dfnahmen wurden rechtzeitig abgeschlossen.<\/p>\n<p style=\"text-align: left;\">Heute tanzen Familie Hull und ihre Freunde nicht nur in Osnabr\u00fcck, sondern auch in Georgsmarienh\u00fctte und L\u00fcbbecke. M\u00f6glich wurde diese Erfolgsgeschichte nur durch eine gro\u00dfe Liebe zum Tanz und die Unterst\u00fctzung eines wachsenden Netzwerks aus Freunden und Unterst\u00fctzern. Um es mit Pat und Maureen zu sagen: \u201e Wer tanzt, findet Freunde.\u201c<\/p>\n<\/div><\/div><\/div><\/div><\/div><div class=\"fusion-fullwidth fullwidth-box fusion-builder-row-2 fusion-flex-container hundred-percent-fullwidth non-hundred-percent-height-scrolling\" style=\"--awb-background-position:left top;--awb-border-sizes-top:0px;--awb-border-sizes-bottom:0px;--awb-border-sizes-left:0px;--awb-border-sizes-right:0px;--awb-border-radius-top-left:0px;--awb-border-radius-top-right:0px;--awb-border-radius-bottom-right:0px;--awb-border-radius-bottom-left:0px;--awb-padding-top:0px;--awb-padding-right:0px;--awb-padding-bottom:0px;--awb-padding-left:0px;--awb-flex-wrap:wrap;\" ><div class=\"fusion-builder-row fusion-row fusion-flex-align-items-stretch fusion-flex-content-wrap\" style=\"width:calc( 100% + 0px ) !important;max-width:calc( 100% + 0px ) !important;margin-left: calc(-0px \/ 2 );margin-right: calc(-0px \/ 2 );\"><div class=\"fusion-layout-column fusion_builder_column fusion-builder-column-1 fusion_builder_column_1_2 1_2 fusion-flex-column fusion-animated\" style=\"--awb-padding-top:15%;--awb-padding-right:12%;--awb-padding-bottom:10%;--awb-padding-left:12%;--awb-bg-color:rgba(0,0,0,0.44);--awb-bg-color-hover:rgba(0,0,0,0.44);--awb-bg-image:url(&#039;http:\/\/hull.de\/luebbecke\/wp-content\/uploads\/sites\/9\/2021\/05\/statement_michael-1024x444-1.png&#039;);--awb-bg-position:center center;--awb-bg-blend:overlay;--awb-bg-size:cover;--awb-width-large:50%;--awb-margin-top-large:0px;--awb-spacing-right-large:0px;--awb-margin-bottom-large:0px;--awb-spacing-left-large:0px;--awb-width-medium:100%;--awb-spacing-right-medium:0px;--awb-spacing-left-medium:0px;--awb-width-small:100%;--awb-spacing-right-small:0px;--awb-spacing-left-small:0px;\" data-animationType=\"fadeInDown\" data-animationDuration=\"1.0\" data-animationOffset=\"top-into-view\"><div class=\"fusion-column-wrapper fusion-flex-justify-content-center fusion-content-layout-column fusion-column-has-bg-image\" data-bg-url=\"http:\/\/hull.de\/luebbecke\/wp-content\/uploads\/sites\/9\/2021\/05\/statement_michael-1024x444-1.png\"><div class=\"fusion-title title fusion-title-2 fusion-sep-none fusion-title-center fusion-title-text fusion-title-size-two\" style=\"--awb-text-color:#ffffff;--awb-margin-top:15px;--awb-font-size:61px;\"><h2 class=\"fusion-title-heading title-heading-center fusion-responsive-typography-calculated\" style=\"margin:0;font-size:1em;--fontSize:61;line-height:1;\">&#8222;Der Tanz ist ein Gedicht und jeder seiner Bewegungen ist ein Wort&#8220;<\/h2><\/div><\/div><\/div><div class=\"fusion-layout-column fusion_builder_column fusion-builder-column-2 fusion_builder_column_1_2 1_2 fusion-flex-column fusion-animated\" style=\"--awb-padding-top:7%;--awb-padding-right:12%;--awb-padding-bottom:10%;--awb-padding-left:12%;--awb-bg-color:rgba(0,0,0,0.44);--awb-bg-color-hover:rgba(0,0,0,0.44);--awb-bg-size:cover;--awb-width-large:50%;--awb-margin-top-large:0px;--awb-spacing-right-large:0px;--awb-margin-bottom-large:0px;--awb-spacing-left-large:0px;--awb-width-medium:100%;--awb-spacing-right-medium:0px;--awb-spacing-left-medium:0px;--awb-width-small:100%;--awb-spacing-right-small:0px;--awb-spacing-left-small:0px;\" data-animationType=\"fadeInDown\" data-animationDuration=\"1.0\" data-animationOffset=\"top-into-view\"><div class=\"fusion-column-wrapper fusion-flex-justify-content-center fusion-content-layout-column\"><div class=\"fusion-text fusion-text-2\" style=\"--awb-text-color:#ffffff;\"><p>Michael Hull wurde im ostwestf\u00e4lischen B\u00fcckeburg geboren. Seit vielen Jahren ist er, wie die gesamte Familie Hull, in der idyllischen Stadt an der Hase, Osnabr\u00fcck, zuhause. Bereits 1980 holte Michael seinen ersten Weltmeistertitel \u2013 und zwar ganz zeitgem\u00e4\u00df im Discotanz. Von 1980 bis 1991 war Michael mit seiner Schwester Patsy Hull-Krogull sehr erfolgreich und errang neben zahllosen nationalen Titeln in Standard, Latein und der 10 T\u00e4nze-Sektion vier Weltmeistertitel. 1998 beendete er seine aktive Karriere.<\/p>\n<p>Michael Hull war 2006 und 2007 Teil der Jury der RTL-Tanzshow Let\u2019s Dance.<\/p>\n<\/div><div class=\"fusion-separator fusion-full-width-sep\" style=\"align-self: center;margin-left: auto;margin-right: auto;margin-top:15px;width:100%;\"><\/div><\/div><\/div><\/div><\/div><div class=\"fusion-fullwidth fullwidth-box fusion-builder-row-3 fusion-flex-container nonhundred-percent-fullwidth non-hundred-percent-height-scrolling\" style=\"--awb-background-position:left top;--awb-border-sizes-top:0px;--awb-border-sizes-bottom:0px;--awb-border-sizes-left:0px;--awb-border-sizes-right:0px;--awb-border-radius-top-left:0px;--awb-border-radius-top-right:0px;--awb-border-radius-bottom-right:0px;--awb-border-radius-bottom-left:0px;--awb-padding-top:0px;--awb-padding-right:0px;--awb-padding-bottom:0px;--awb-padding-left:0px;--awb-flex-wrap:wrap;\" ><div class=\"fusion-builder-row fusion-row fusion-flex-align-items-stretch fusion-flex-content-wrap\" style=\"max-width:calc( 1170px + 0px );margin-left: calc(-0px \/ 2 );margin-right: calc(-0px \/ 2 );\"><div class=\"fusion-layout-column fusion_builder_column fusion-builder-column-3 fusion_builder_column_1_2 1_2 fusion-flex-column\" style=\"--awb-padding-top:30px;--awb-padding-bottom:14px;--awb-padding-left:32px;--awb-bg-size:cover;--awb-width-large:50%;--awb-margin-top-large:15px;--awb-spacing-right-large:0px;--awb-margin-bottom-large:15px;--awb-spacing-left-large:0px;--awb-width-medium:100%;--awb-order-medium:0;--awb-spacing-right-medium:0px;--awb-spacing-left-medium:0px;--awb-width-small:100%;--awb-order-small:0;--awb-spacing-right-small:0px;--awb-spacing-left-small:0px;\"><div class=\"fusion-column-wrapper fusion-column-has-shadow fusion-flex-justify-content-flex-start fusion-content-layout-column\"><div class=\"fusion-text fusion-text-3\"><h4 style=\"text-align: left;\"><strong>Berufliche Eins\u00e4tze\/Erfolge im \u00dcberblick:<\/strong><\/h4>\n<ul>\n<li style=\"text-align: left;\">12 x Deutscher Meister<\/li>\n<li style=\"text-align: left;\">6 x Europameister<\/li>\n<li style=\"text-align: left;\">6 x World Cup<\/li>\n<li style=\"text-align: left;\">10 x Weltmeister<\/li>\n<li style=\"text-align: left;\">mit drei Damen und 24 Stunden Marathongewinner 2007 (Guinness Buch der Rekorde verzeichnet 2008 Seite 5<\/li>\n<li style=\"text-align: left;\">Ehrenauszeichnung vom DPV (Deutscher Profi Verband der Berufst\u00e4nzer)<\/li>\n<li style=\"text-align: left;\">Goldene Ehrennadel vom ADTV (Allgemeiner Deutscher Tanzlehrer Verband)<\/li>\n<li style=\"text-align: left;\">DTP Ehrenaward (Deutsche Tanzsport Verband).<\/li>\n<li style=\"text-align: left;\">Ehrenb\u00fcrger der Friedenstadt Osnabr\u00fcck<\/li>\n<li style=\"text-align: left;\">Bundesverdienstordenstr\u00e4ger<\/li>\n<\/ul>\n<\/div><\/div><\/div><div class=\"fusion-layout-column fusion_builder_column fusion-builder-column-4 fusion_builder_column_1_2 1_2 fusion-flex-column\" style=\"--awb-padding-top:25px;--awb-padding-left:59px;--awb-bg-size:cover;--awb-width-large:50%;--awb-margin-top-large:15px;--awb-spacing-right-large:0px;--awb-margin-bottom-large:15px;--awb-spacing-left-large:0px;--awb-width-medium:100%;--awb-order-medium:0;--awb-spacing-right-medium:0px;--awb-spacing-left-medium:0px;--awb-width-small:100%;--awb-order-small:0;--awb-spacing-right-small:0px;--awb-spacing-left-small:0px;\"><div class=\"fusion-column-wrapper fusion-column-has-shadow fusion-flex-justify-content-flex-start fusion-content-layout-column\"><div class=\"fusion-text fusion-text-4\"><h4><strong>T\u00e4tigkeitsschwerpunkte:<\/strong><\/h4>\n<ul>\n<li>ADTV-Tanzlehrer<\/li>\n<li>Tanzlehrerausbilder<\/li>\n<li>Tango Argentino Fachlehrer<\/li>\n<li>Referent<\/li>\n<li>Benimmfachlehrer<\/li>\n<li>1. Vorsitzender der\u00a0<a href=\"http:\/\/pm-foundation.de\/\" target=\"_blank\" rel=\"noopener noreferrer\">Patsy &amp; Michael Hull Foundation e.V.<\/a><\/li>\n<li>Moderator<\/li>\n<\/ul>\n<\/div><\/div><\/div><\/div><\/div><div class=\"fusion-fullwidth fullwidth-box fusion-builder-row-4 fusion-flex-container fusion-parallax-none nonhundred-percent-fullwidth non-hundred-percent-height-scrolling\" style=\"--awb-border-radius-top-left:0px;--awb-border-radius-top-right:0px;--awb-border-radius-bottom-right:0px;--awb-border-radius-bottom-left:0px;--awb-background-image:url(&quot;http:\/\/hull.de\/luebbecke\/wp-content\/uploads\/sites\/9\/2022\/02\/HULL-51.jpg&quot;);--awb-background-size:cover;--awb-flex-wrap:wrap;\" ><div class=\"fusion-builder-row fusion-row fusion-flex-align-items-flex-start fusion-flex-content-wrap\" style=\"max-width:1216.8px;margin-left: calc(-4% \/ 2 );margin-right: calc(-4% \/ 2 );\"><div class=\"fusion-layout-column fusion_builder_column fusion-builder-column-5 fusion_builder_column_1_1 1_1 fusion-flex-column\" style=\"--awb-padding-bottom:361px;--awb-bg-size:cover;--awb-width-large:100%;--awb-margin-top-large:15px;--awb-spacing-right-large:1.92%;--awb-margin-bottom-large:15px;--awb-spacing-left-large:1.92%;--awb-width-medium:100%;--awb-order-medium:0;--awb-spacing-right-medium:1.92%;--awb-spacing-left-medium:1.92%;--awb-width-small:100%;--awb-order-small:0;--awb-spacing-right-small:1.92%;--awb-spacing-left-small:1.92%;\"><div class=\"fusion-column-wrapper fusion-column-has-shadow fusion-flex-justify-content-flex-start fusion-content-layout-column\"><\/div><\/div><\/div><\/div><div class=\"fusion-fullwidth fullwidth-box fusion-builder-row-5 fusion-flex-container hundred-percent-fullwidth non-hundred-percent-height-scrolling\" style=\"--awb-background-position:left top;--awb-border-sizes-top:0px;--awb-border-sizes-bottom:0px;--awb-border-sizes-left:0px;--awb-border-sizes-right:0px;--awb-border-radius-top-left:0px;--awb-border-radius-top-right:0px;--awb-border-radius-bottom-right:0px;--awb-border-radius-bottom-left:0px;--awb-padding-top:0px;--awb-padding-right:0px;--awb-padding-bottom:0px;--awb-padding-left:0px;--awb-flex-wrap:wrap;\" ><div class=\"fusion-builder-row fusion-row fusion-flex-align-items-stretch fusion-flex-content-wrap\" style=\"width:calc( 100% + 0px ) !important;max-width:calc( 100% + 0px ) !important;margin-left: calc(-0px \/ 2 );margin-right: calc(-0px \/ 2 );\"><div class=\"fusion-layout-column fusion_builder_column fusion-builder-column-6 fusion_builder_column_1_2 1_2 fusion-flex-column fusion-animated\" style=\"--awb-padding-top:15%;--awb-padding-right:12%;--awb-padding-bottom:10%;--awb-padding-left:12%;--awb-bg-color:rgba(0,0,0,0.44);--awb-bg-color-hover:rgba(0,0,0,0.44);--awb-bg-image:url(&#039;http:\/\/hull.de\/luebbecke\/wp-content\/uploads\/sites\/9\/2021\/05\/statement_patsy-1024x444-1.png&#039;);--awb-bg-position:center center;--awb-bg-blend:overlay;--awb-bg-size:cover;--awb-width-large:50%;--awb-margin-top-large:0px;--awb-spacing-right-large:0px;--awb-margin-bottom-large:0px;--awb-spacing-left-large:0px;--awb-width-medium:100%;--awb-spacing-right-medium:0px;--awb-spacing-left-medium:0px;--awb-width-small:100%;--awb-spacing-right-small:0px;--awb-spacing-left-small:0px;\" data-animationType=\"fadeInDown\" data-animationDuration=\"1.0\" data-animationOffset=\"top-into-view\"><div class=\"fusion-column-wrapper fusion-flex-justify-content-center fusion-content-layout-column fusion-column-has-bg-image\" data-bg-url=\"http:\/\/hull.de\/luebbecke\/wp-content\/uploads\/sites\/9\/2021\/05\/statement_patsy-1024x444-1.png\"><div class=\"fusion-title title fusion-title-3 fusion-sep-none fusion-title-center fusion-title-text fusion-title-size-two\" style=\"--awb-text-color:#ffffff;--awb-margin-top:15px;--awb-font-size:61px;\"><h2 class=\"fusion-title-heading title-heading-center fusion-responsive-typography-calculated\" style=\"margin:0;font-size:1em;--fontSize:61;line-height:1;\">&#8222;Liebe den Tanz: er ist die Logik der Beine&#8220;<\/h2><\/div><\/div><\/div><div class=\"fusion-layout-column fusion_builder_column fusion-builder-column-7 fusion_builder_column_1_2 1_2 fusion-flex-column fusion-animated\" style=\"--awb-padding-top:7%;--awb-padding-right:12%;--awb-padding-bottom:10%;--awb-padding-left:12%;--awb-bg-color:rgba(0,0,0,0.44);--awb-bg-color-hover:rgba(0,0,0,0.44);--awb-bg-size:cover;--awb-width-large:50%;--awb-margin-top-large:0px;--awb-spacing-right-large:0px;--awb-margin-bottom-large:0px;--awb-spacing-left-large:0px;--awb-width-medium:100%;--awb-spacing-right-medium:0px;--awb-spacing-left-medium:0px;--awb-width-small:100%;--awb-spacing-right-small:0px;--awb-spacing-left-small:0px;\" data-animationType=\"fadeInDown\" data-animationDuration=\"1.0\" data-animationOffset=\"top-into-view\"><div class=\"fusion-column-wrapper fusion-flex-justify-content-center fusion-content-layout-column\"><div class=\"fusion-text fusion-text-5\" style=\"--awb-text-color:#ffffff;\"><p style=\"text-align: center;\">Patsy Hull-Krogull wurde unter dem Namen Patricia Anne Hull in Newark\/England geboren. Auch sie f\u00fchlt sich seit vielen Jahren wohl in Osnabr\u00fcck. Patsy Hull-Krogull ist sozusagen die First Lady der Tanzschule Hull mit Standorten in Osnabr\u00fcck, Georgsmarienh\u00fctte und L\u00fcbbecke. Sie hat gemeinsam mit ihren Br\u00fcdern Damian und Michael Hull im Profitanzsport alle wichtigen Titel gleich mehrmals gewonnen \u2013darunter Europa- und Weltmeisterschaften in allen 10 T\u00e4nzen.<\/p>\n<\/div><div class=\"fusion-separator fusion-full-width-sep\" style=\"align-self: center;margin-left: auto;margin-right: auto;margin-top:15px;width:100%;\"><\/div><\/div><\/div><\/div><\/div><\/p>\n","protected":false},"excerpt":{"rendered":"","protected":false},"author":1,"featured_media":0,"parent":0,"menu_order":0,"comment_status":"closed","ping_status":"closed","template":"100-width.php","meta":{"footnotes":"","_links_to":"","_links_to_target":""},"class_list":["post-1167","page","type-page","status-publish","hentry"],"yoast_head":"<!-- This site is optimized with the Yoast SEO plugin v24.9 - https:\/\/yoast.com\/wordpress\/plugins\/seo\/ -->\n<title>Familie Hull - Hull L\u00fcbbecke<\/title>\n<meta name=\"robots\" content=\"index, follow, max-snippet:-1, max-image-preview:large, max-video-preview:-1\" \/>\n<link rel=\"canonical\" href=\"https:\/\/hull.de\/luebbecke\/familie-hull\/\" \/>\n<meta property=\"og:locale\" content=\"de_DE\" \/>\n<meta property=\"og:type\" content=\"article\" \/>\n<meta property=\"og:title\" content=\"Familie Hull - Hull L\u00fcbbecke\" \/>\n<meta property=\"og:url\" content=\"https:\/\/hull.de\/luebbecke\/familie-hull\/\" \/>\n<meta property=\"og:site_name\" content=\"Hull L\u00fcbbecke\" \/>\n<meta property=\"article:modified_time\" content=\"2022-02-14T15:06:00+00:00\" \/>\n<meta name=\"twitter:card\" content=\"summary_large_image\" \/>\n<meta name=\"twitter:label1\" content=\"Gesch\u00e4tzte Lesezeit\" \/>\n\t<meta name=\"twitter:data1\" content=\"14\u00a0Minuten\" \/>\n<script type=\"application\/ld+json\" class=\"yoast-schema-graph\">{\"@context\":\"https:\/\/schema.org\",\"@graph\":[{\"@type\":\"WebPage\",\"@id\":\"https:\/\/hull.de\/luebbecke\/familie-hull\/\",\"url\":\"https:\/\/hull.de\/luebbecke\/familie-hull\/\",\"name\":\"Familie Hull - Hull L\u00fcbbecke\",\"isPartOf\":{\"@id\":\"https:\/\/hull.de\/luebbecke\/#website\"},\"datePublished\":\"2016-08-04T08:17:13+00:00\",\"dateModified\":\"2022-02-14T15:06:00+00:00\",\"breadcrumb\":{\"@id\":\"https:\/\/hull.de\/luebbecke\/familie-hull\/#breadcrumb\"},\"inLanguage\":\"de\",\"potentialAction\":[{\"@type\":\"ReadAction\",\"target\":[\"https:\/\/hull.de\/luebbecke\/familie-hull\/\"]}]},{\"@type\":\"BreadcrumbList\",\"@id\":\"https:\/\/hull.de\/luebbecke\/familie-hull\/#breadcrumb\",\"itemListElement\":[{\"@type\":\"ListItem\",\"position\":1,\"name\":\"Startseite\",\"item\":\"https:\/\/hull.de\/luebbecke\/\"},{\"@type\":\"ListItem\",\"position\":2,\"name\":\"Familie Hull\"}]},{\"@type\":\"WebSite\",\"@id\":\"https:\/\/hull.de\/luebbecke\/#website\",\"url\":\"https:\/\/hull.de\/luebbecke\/\",\"name\":\"Hull L\u00fcbbecke\",\"description\":\"\",\"potentialAction\":[{\"@type\":\"SearchAction\",\"target\":{\"@type\":\"EntryPoint\",\"urlTemplate\":\"https:\/\/hull.de\/luebbecke\/?s={search_term_string}\"},\"query-input\":{\"@type\":\"PropertyValueSpecification\",\"valueRequired\":true,\"valueName\":\"search_term_string\"}}],\"inLanguage\":\"de\"}]}<\/script>\n<!-- \/ Yoast SEO plugin. -->","yoast_head_json":{"title":"Familie Hull - Hull L\u00fcbbecke","robots":{"index":"index","follow":"follow","max-snippet":"max-snippet:-1","max-image-preview":"max-image-preview:large","max-video-preview":"max-video-preview:-1"},"canonical":"https:\/\/hull.de\/luebbecke\/familie-hull\/","og_locale":"de_DE","og_type":"article","og_title":"Familie Hull - Hull L\u00fcbbecke","og_url":"https:\/\/hull.de\/luebbecke\/familie-hull\/","og_site_name":"Hull L\u00fcbbecke","article_modified_time":"2022-02-14T15:06:00+00:00","twitter_card":"summary_large_image","twitter_misc":{"Gesch\u00e4tzte Lesezeit":"14\u00a0Minuten"},"schema":{"@context":"https:\/\/schema.org","@graph":[{"@type":"WebPage","@id":"https:\/\/hull.de\/luebbecke\/familie-hull\/","url":"https:\/\/hull.de\/luebbecke\/familie-hull\/","name":"Familie Hull - Hull L\u00fcbbecke","isPartOf":{"@id":"https:\/\/hull.de\/luebbecke\/#website"},"datePublished":"2016-08-04T08:17:13+00:00","dateModified":"2022-02-14T15:06:00+00:00","breadcrumb":{"@id":"https:\/\/hull.de\/luebbecke\/familie-hull\/#breadcrumb"},"inLanguage":"de","potentialAction":[{"@type":"ReadAction","target":["https:\/\/hull.de\/luebbecke\/familie-hull\/"]}]},{"@type":"BreadcrumbList","@id":"https:\/\/hull.de\/luebbecke\/familie-hull\/#breadcrumb","itemListElement":[{"@type":"ListItem","position":1,"name":"Startseite","item":"https:\/\/hull.de\/luebbecke\/"},{"@type":"ListItem","position":2,"name":"Familie Hull"}]},{"@type":"WebSite","@id":"https:\/\/hull.de\/luebbecke\/#website","url":"https:\/\/hull.de\/luebbecke\/","name":"Hull L\u00fcbbecke","description":"","potentialAction":[{"@type":"SearchAction","target":{"@type":"EntryPoint","urlTemplate":"https:\/\/hull.de\/luebbecke\/?s={search_term_string}"},"query-input":{"@type":"PropertyValueSpecification","valueRequired":true,"valueName":"search_term_string"}}],"inLanguage":"de"}]}},"_links":{"self":[{"href":"https:\/\/hull.de\/luebbecke\/wp-json\/wp\/v2\/pages\/1167","targetHints":{"allow":["GET"]}}],"collection":[{"href":"https:\/\/hull.de\/luebbecke\/wp-json\/wp\/v2\/pages"}],"about":[{"href":"https:\/\/hull.de\/luebbecke\/wp-json\/wp\/v2\/types\/page"}],"author":[{"embeddable":true,"href":"https:\/\/hull.de\/luebbecke\/wp-json\/wp\/v2\/users\/1"}],"replies":[{"embeddable":true,"href":"https:\/\/hull.de\/luebbecke\/wp-json\/wp\/v2\/comments?post=1167"}],"version-history":[{"count":24,"href":"https:\/\/hull.de\/luebbecke\/wp-json\/wp\/v2\/pages\/1167\/revisions"}],"predecessor-version":[{"id":15567,"href":"https:\/\/hull.de\/luebbecke\/wp-json\/wp\/v2\/pages\/1167\/revisions\/15567"}],"wp:attachment":[{"href":"https:\/\/hull.de\/luebbecke\/wp-json\/wp\/v2\/media?parent=1167"}],"curies":[{"name":"wp","href":"https:\/\/api.w.org\/{rel}","templated":true}]}}