{"id":1421,"date":"2021-03-13T16:39:48","date_gmt":"2021-03-13T15:39:48","guid":{"rendered":"http:\/\/hull.de\/luebbecke\/?page_id=1421"},"modified":"2024-11-04T11:23:42","modified_gmt":"2024-11-04T10:23:42","slug":"agb-hull-dance-events-gmbh","status":"publish","type":"page","link":"https:\/\/hull.de\/luebbecke\/agb-hull-dance-events-gmbh\/","title":{"rendered":"AGB Hull Dance &#038; Events GmbH"},"content":{"rendered":"<div class=\"fusion-fullwidth fullwidth-box fusion-builder-row-1 fusion-flex-container nonhundred-percent-fullwidth non-hundred-percent-height-scrolling\" style=\"--awb-border-radius-top-left:0px;--awb-border-radius-top-right:0px;--awb-border-radius-bottom-right:0px;--awb-border-radius-bottom-left:0px;--awb-flex-wrap:wrap;\" ><div class=\"fusion-builder-row fusion-row fusion-flex-align-items-flex-start fusion-flex-content-wrap\" style=\"max-width:1216.8px;margin-left: calc(-4% \/ 2 );margin-right: calc(-4% \/ 2 );\"><div class=\"fusion-layout-column fusion_builder_column fusion-builder-column-0 fusion_builder_column_1_1 1_1 fusion-flex-column\" style=\"--awb-bg-size:cover;--awb-width-large:100%;--awb-margin-top-large:15px;--awb-spacing-right-large:1.92%;--awb-margin-bottom-large:15px;--awb-spacing-left-large:1.92%;--awb-width-medium:100%;--awb-order-medium:0;--awb-spacing-right-medium:1.92%;--awb-spacing-left-medium:1.92%;--awb-width-small:100%;--awb-order-small:0;--awb-spacing-right-small:1.92%;--awb-spacing-left-small:1.92%;\"><div class=\"fusion-column-wrapper fusion-column-has-shadow fusion-flex-justify-content-flex-start fusion-content-layout-column\"><div class=\"fusion-text fusion-text-1\" style=\"--awb-text-transform:none;\"><div class=\"layoutArea\">\n<div class=\"column\">\n<p><strong>Allgemeine Gescha\u0308ftsbedingungen (AGB)<\/strong><\/p>\n<\/div>\n<\/div>\n<div class=\"layoutArea\">\n<div class=\"column\">\n<p>I. Laufzeiten und Beendigung<\/p>\n<ol>\n<li>Bei der fortlaufenden Mitgliedschaft handelt es sich um ein unbefristetes Vertragsverha\u0308ltnis zwischen der Tanzschule (Hull Dance &amp; Events GmbH) unddem Teilnehmer \/ der Teilnehmerin. Der fortlaufende Vertrag kann unter der Einhaltung einer Ku\u0308ndigungsfrist von 6 Wochen zum Quartalsende in\n<p>Textform geku\u0308ndigt werden. Wird der Vertrag nicht, oder nicht fristgerecht geku\u0308ndigt, besteht die fortlaufende Mitgliedschaft weiterhin.<\/p>\n<\/li>\n<li>Bei der Laufzeit der Tanzkurse handelt es sich um einen befristeten Tanzkurs u\u0308ber zwei, vier, sechs oder acht Wochen. Die Tanzkurse enden mit Ablaufder vertraglich vereinbarten Zeit. Eine Ku\u0308ndigung ist nur in Textform bis vor der zweiten Unterrichtsstunde mo\u0308glich. Es wird eine Bearbeitungsgebu\u0308hr von 12,50 \u20ac pro Person berechnet.<br \/>\nBei mehrwo\u0308chigen Tanzkursen wird die Stundenanzahl anteilig dazu berechnet.<\/li>\n<li>Wer die Teilnahme von sich aus unterbricht oder beendet oder an dem Kurs gar nicht teilnimmt, hat keinen Anspruch auf eine Gebu\u0308hrenru\u0308ckerstattung.<\/li>\n<\/ol>\n<p>II. Fa\u0308lligkeiten\/Verzug<\/p>\n<ol>\n<li>Bei den Tanzkursen ist das gesamte vereinbarte Honorar mit Unterzeichnung der Anmeldung fa\u0308llig, bei einer vereinbarten Ratenzahlung gelten gesonderteZahlungsfristen.<\/li>\n<li>Bei der fortlaufenden Mitgliedschaft wird der monatliche Gesamtbetrag jeweils zum 1. eines jeden Monats im Voraus zur Zahlung fa\u0308llig.<\/li>\n<li>Gera\u0308t der Teilnehmer bei der fortlaufenden Mitgliedschaft in schuldhaft mit mehr als 2 Monatsbeitra\u0308gen in Verzug, so werden sa\u0308mtliche Zahlungsentgeltebis zum na\u0308chst mo\u0308glichen Vertragsende sofort zur Zahlung fa\u0308llig.<\/li>\n<\/ol>\n<p>III. Vorbehalte\/Feiertage und Ferien<\/p>\n<ol>\n<li>Die Tanzschule beha\u0308lt sich vor, dass Tanzkurse, Tanzunterricht und Tanzgruppen aus zwingenden betrieblichen Gru\u0308nden (z.B. zu geringeTeilnehmerzahl, Erkrankung des Tanzlehrers, ho\u0308here Gewalt) zusammengelegt, abgebrochen oder in andere Kursra\u0308ume verlegt werden. Die Voraussetzungen fu\u0308r einen ordentlich geleisteten Unterricht gelten auch dann als erfu\u0308llt, wenn der Kursleiter oder der Saal gewechselt werden muss oder ein Zusammenlegen von Tanzgruppen oder Tanzkursen seitens der Tanzschule erfolgt.<\/li>\n<li>An gesetzlichen Feier- und Schulferientagen in dem jeweiligen Bundesland findet planma\u0308\u00dfiger Tanzunterricht nicht statt. Der Mitgliedsbeitrag bleibt in dieser Zeit unberu\u0308hrt.<\/li>\n<\/ol>\n<p>IV. Gutscheine\/Wiederaufnahme<\/p>\n<ol>\n<li>Fu\u0308r ehemalige Teilnehmer\/innen unserer Tanzschule, die sich innerhalb von 3 Monaten erneut anmelden, ist eine Wiederaufnahmegebu\u0308hr in Ho\u0308he von 35,00 \u20ac zu entrichten.<\/li>\n<li>Gutscheine und Rabatte mu\u0308ssen bis zur ersten Tanzstunde eingereicht werden.<\/li>\n<\/ol>\n<p>V. Ruhezeitmo\u0308glichkeit<br \/>\n1. Die Vereinbarung kann im gegenseitigen Einversta\u0308ndnis bei nachgewiesener Verhinderung (z.B. Krankheit, Schwangerschaft etc.) fu\u0308r einen im Voraus zu<\/p>\n<p>bestimmendem Zeitraum ausgesetzt werden. Im Falle einer wirksam vereinbarten Aussetzungsvereinbarung verschiebt sich das zum Zeitpunkt der Aussetzungsvereinbarung bestehende na\u0308chstmo\u0308gliche ordentliche Vertragsende um die Dauer der vereinbarten Aussetzungszeit zeitlich nach hinten. Die Tanzschule wird wa\u0308hrend der Ruhezeit die Honorare nicht einziehen. Au\u00dferordentliche Ku\u0308ndigungsrechte bleiben hiervon unberu\u0308hrt.<\/p>\n<p>VI. Ho\u0308here Gewalt<\/p>\n<ol>\n<li>Ho\u0308here Gewalt ist ein von au\u00dfen kommendem, unvorhersehbarem und unbeherrschbarem au\u00dfergewo\u0308hnlichem Ereignis, das auch durch a\u0308u\u00dferste Sorgfaltnicht verhu\u0308tet bzw. abgewendet werden kann (z.B. Blitzschlag, Erdbeben, Pandemie).<\/li>\n<li>Hat die Tanzschule aufgrund einer beho\u0308rdlichen Schlie\u00dfungsanordnung wegen ho\u0308herer Gewalt die Tanzschule voru\u0308bergehend zu schlie\u00dfen, so sind dieLeistungspflichten der Tanzschule voru\u0308bergehend gehemmt und leben bei Wiederero\u0308ffnung der Tanzschule wieder auf. Das ordentliche Vertragsende verla\u0308ngert sich um den Zeitraum der Schlie\u00dfungszeit. Das Recht zur au\u00dferordentlichen Ku\u0308ndigung bleibt hiervon unberu\u0308hrt.<\/li>\n<\/ol>\n<p>VII. Hausordnung<br \/>\n1. Auf die Geltung der Hausordnung wird hingewiesen.<\/p>\n<p>VIII. Streitschlichtungsverfahren<br \/>\n1. Die Tanzschule nimmt nicht an einem Streitbeilegungsverfahren vor einer Verbraucherschlichtungsstelle im Sinne des VSBG teil und ist hierzu auch nicht<\/p>\n<p>verpflichtet. Um unserer Hinweispflicht nachzukommen, weisen wir Sie auf eine zusta\u0308ndige Verbraucherschlichtungsstelle hin: Allgemeine Verbraucherschlichtungsstelle des Zentrums fu\u0308r Schlichtung e.V., Stra\u00dfburger Stra\u00dfe 8, 77694 Kehl am Rhein, Telefon 07851 \/ 795 79 40, Fax 07851 \/ 795 79 41, www.verbraucher-schlichter.de, E-Mail: mail@verbraucher-schlichter.de.<\/p>\n<p><strong>Zusatz AGBs f\u00fcr Sch\u00fclerkurse<\/strong><\/p>\n<p><em>Sch\u00fclergrundkurse 2025<\/em><\/p>\n<ol>\n<li>Das Kurshonorar ist nach Erhalt unserer Best\u00e4tigung, sp\u00e4testens jedoch vor der zweiten Tanzstunde zu begleichen. Sofern Sie uns eine Einzugserm\u00e4chtigung erteilt haben, werden wir das Kurshonorar zum 01. Mai 2025 \/ 01. Juni 2025 \/  01. September 2025 einziehen.<\/li>\n<li>Eine K\u00fcndigung kann nur schriftlich 14 Tag vor Kursbeginn akzeptiert werden. Es wird eine Bearbeitungsgeb\u00fchr von 10,00 \u20ac pro Person berechnet.<\/li>\n<li>Wer die Teilnahme von sich aus unterbricht oder beendet oder am Kurs gar nicht teilnimmt, hat keinen Anspruch auf Honorarr\u00fcckverg\u00fctung.<\/li>\n<li>Wir versichern Ihnen, dass wir Ihre Daten nur f\u00fcr unsere Zwecke verwenden und keinem Dritten zug\u00e4nglich machen.<\/li>\n<li>Mit R\u00fcckgabe der ausgef\u00fcllten und unterschriebenen Anmeldekarte an die Hull Dance &amp; Events GmbH in Osnabr\u00fcck kommt ein Vertrag zustande.<\/li>\n<li>Die Hausordnung wird hiermit akzeptiert.<\/li>\n<\/ol>\n<ol>\n<\/ol>\n<\/div>\n<\/div>\n<div class=\"layoutArea\">\n<div class=\"column\">\n<p>ADTV Tanzschule \u2022 Hull Dance &amp; Events GmbH, Hasestra\u00dfe 6\/7, 49074 Osnabru\u0308ck<\/p>\n<\/div>\n<\/div>\n<\/div><\/div><\/div><\/div><\/div>\n","protected":false},"excerpt":{"rendered":"","protected":false},"author":1,"featured_media":0,"parent":0,"menu_order":0,"comment_status":"closed","ping_status":"closed","template":"","meta":{"footnotes":"","_links_to":"","_links_to_target":""},"class_list":["post-1421","page","type-page","status-publish","hentry"],"yoast_head":"<!-- This site is optimized with the Yoast SEO plugin v24.9 - https:\/\/yoast.com\/wordpress\/plugins\/seo\/ -->\n<title>AGB Hull Dance &amp; Events GmbH - Hull L\u00fcbbecke<\/title>\n<meta name=\"robots\" content=\"index, follow, max-snippet:-1, max-image-preview:large, max-video-preview:-1\" \/>\n<link rel=\"canonical\" href=\"https:\/\/hull.de\/luebbecke\/agb-hull-dance-events-gmbh\/\" \/>\n<meta property=\"og:locale\" content=\"de_DE\" \/>\n<meta property=\"og:type\" content=\"article\" \/>\n<meta property=\"og:title\" content=\"AGB Hull Dance &amp; Events GmbH - Hull L\u00fcbbecke\" \/>\n<meta property=\"og:url\" content=\"https:\/\/hull.de\/luebbecke\/agb-hull-dance-events-gmbh\/\" \/>\n<meta property=\"og:site_name\" content=\"Hull L\u00fcbbecke\" \/>\n<meta property=\"article:modified_time\" content=\"2024-11-04T10:23:42+00:00\" \/>\n<meta name=\"twitter:card\" content=\"summary_large_image\" \/>\n<meta name=\"twitter:label1\" content=\"Gesch\u00e4tzte Lesezeit\" \/>\n\t<meta name=\"twitter:data1\" content=\"9\u00a0Minuten\" \/>\n<script type=\"application\/ld+json\" class=\"yoast-schema-graph\">{\"@context\":\"https:\/\/schema.org\",\"@graph\":[{\"@type\":\"WebPage\",\"@id\":\"https:\/\/hull.de\/luebbecke\/agb-hull-dance-events-gmbh\/\",\"url\":\"https:\/\/hull.de\/luebbecke\/agb-hull-dance-events-gmbh\/\",\"name\":\"AGB Hull Dance & Events GmbH - Hull L\u00fcbbecke\",\"isPartOf\":{\"@id\":\"https:\/\/hull.de\/luebbecke\/#website\"},\"datePublished\":\"2021-03-13T15:39:48+00:00\",\"dateModified\":\"2024-11-04T10:23:42+00:00\",\"breadcrumb\":{\"@id\":\"https:\/\/hull.de\/luebbecke\/agb-hull-dance-events-gmbh\/#breadcrumb\"},\"inLanguage\":\"de\",\"potentialAction\":[{\"@type\":\"ReadAction\",\"target\":[\"https:\/\/hull.de\/luebbecke\/agb-hull-dance-events-gmbh\/\"]}]},{\"@type\":\"BreadcrumbList\",\"@id\":\"https:\/\/hull.de\/luebbecke\/agb-hull-dance-events-gmbh\/#breadcrumb\",\"itemListElement\":[{\"@type\":\"ListItem\",\"position\":1,\"name\":\"Startseite\",\"item\":\"https:\/\/hull.de\/luebbecke\/\"},{\"@type\":\"ListItem\",\"position\":2,\"name\":\"AGB Hull Dance &#038; Events GmbH\"}]},{\"@type\":\"WebSite\",\"@id\":\"https:\/\/hull.de\/luebbecke\/#website\",\"url\":\"https:\/\/hull.de\/luebbecke\/\",\"name\":\"Hull L\u00fcbbecke\",\"description\":\"\",\"potentialAction\":[{\"@type\":\"SearchAction\",\"target\":{\"@type\":\"EntryPoint\",\"urlTemplate\":\"https:\/\/hull.de\/luebbecke\/?s={search_term_string}\"},\"query-input\":{\"@type\":\"PropertyValueSpecification\",\"valueRequired\":true,\"valueName\":\"search_term_string\"}}],\"inLanguage\":\"de\"}]}<\/script>\n<!-- \/ Yoast SEO plugin. -->","yoast_head_json":{"title":"AGB Hull Dance & Events GmbH - Hull L\u00fcbbecke","robots":{"index":"index","follow":"follow","max-snippet":"max-snippet:-1","max-image-preview":"max-image-preview:large","max-video-preview":"max-video-preview:-1"},"canonical":"https:\/\/hull.de\/luebbecke\/agb-hull-dance-events-gmbh\/","og_locale":"de_DE","og_type":"article","og_title":"AGB Hull Dance & Events GmbH - Hull L\u00fcbbecke","og_url":"https:\/\/hull.de\/luebbecke\/agb-hull-dance-events-gmbh\/","og_site_name":"Hull L\u00fcbbecke","article_modified_time":"2024-11-04T10:23:42+00:00","twitter_card":"summary_large_image","twitter_misc":{"Gesch\u00e4tzte Lesezeit":"9\u00a0Minuten"},"schema":{"@context":"https:\/\/schema.org","@graph":[{"@type":"WebPage","@id":"https:\/\/hull.de\/luebbecke\/agb-hull-dance-events-gmbh\/","url":"https:\/\/hull.de\/luebbecke\/agb-hull-dance-events-gmbh\/","name":"AGB Hull Dance & Events GmbH - Hull L\u00fcbbecke","isPartOf":{"@id":"https:\/\/hull.de\/luebbecke\/#website"},"datePublished":"2021-03-13T15:39:48+00:00","dateModified":"2024-11-04T10:23:42+00:00","breadcrumb":{"@id":"https:\/\/hull.de\/luebbecke\/agb-hull-dance-events-gmbh\/#breadcrumb"},"inLanguage":"de","potentialAction":[{"@type":"ReadAction","target":["https:\/\/hull.de\/luebbecke\/agb-hull-dance-events-gmbh\/"]}]},{"@type":"BreadcrumbList","@id":"https:\/\/hull.de\/luebbecke\/agb-hull-dance-events-gmbh\/#breadcrumb","itemListElement":[{"@type":"ListItem","position":1,"name":"Startseite","item":"https:\/\/hull.de\/luebbecke\/"},{"@type":"ListItem","position":2,"name":"AGB Hull Dance &#038; Events GmbH"}]},{"@type":"WebSite","@id":"https:\/\/hull.de\/luebbecke\/#website","url":"https:\/\/hull.de\/luebbecke\/","name":"Hull L\u00fcbbecke","description":"","potentialAction":[{"@type":"SearchAction","target":{"@type":"EntryPoint","urlTemplate":"https:\/\/hull.de\/luebbecke\/?s={search_term_string}"},"query-input":{"@type":"PropertyValueSpecification","valueRequired":true,"valueName":"search_term_string"}}],"inLanguage":"de"}]}},"_links":{"self":[{"href":"https:\/\/hull.de\/luebbecke\/wp-json\/wp\/v2\/pages\/1421","targetHints":{"allow":["GET"]}}],"collection":[{"href":"https:\/\/hull.de\/luebbecke\/wp-json\/wp\/v2\/pages"}],"about":[{"href":"https:\/\/hull.de\/luebbecke\/wp-json\/wp\/v2\/types\/page"}],"author":[{"embeddable":true,"href":"https:\/\/hull.de\/luebbecke\/wp-json\/wp\/v2\/users\/1"}],"replies":[{"embeddable":true,"href":"https:\/\/hull.de\/luebbecke\/wp-json\/wp\/v2\/comments?post=1421"}],"version-history":[{"count":4,"href":"https:\/\/hull.de\/luebbecke\/wp-json\/wp\/v2\/pages\/1421\/revisions"}],"predecessor-version":[{"id":15931,"href":"https:\/\/hull.de\/luebbecke\/wp-json\/wp\/v2\/pages\/1421\/revisions\/15931"}],"wp:attachment":[{"href":"https:\/\/hull.de\/luebbecke\/wp-json\/wp\/v2\/media?parent=1421"}],"curies":[{"name":"wp","href":"https:\/\/api.w.org\/{rel}","templated":true}]}}