{"id":1423,"date":"2021-03-13T16:40:53","date_gmt":"2021-03-13T15:40:53","guid":{"rendered":"http:\/\/hull.de\/luebbecke\/?page_id=1423"},"modified":"2021-03-13T16:40:53","modified_gmt":"2021-03-13T15:40:53","slug":"agb-gutscheinshop","status":"publish","type":"page","link":"https:\/\/hull.de\/luebbecke\/agb-gutscheinshop\/","title":{"rendered":"AGB Gutscheinshop"},"content":{"rendered":"<div class=\"fusion-fullwidth fullwidth-box fusion-builder-row-1 fusion-flex-container nonhundred-percent-fullwidth non-hundred-percent-height-scrolling\" style=\"--awb-border-radius-top-left:0px;--awb-border-radius-top-right:0px;--awb-border-radius-bottom-right:0px;--awb-border-radius-bottom-left:0px;--awb-flex-wrap:wrap;\" ><div class=\"fusion-builder-row fusion-row fusion-flex-align-items-flex-start fusion-flex-content-wrap\" style=\"max-width:1216.8px;margin-left: calc(-4% \/ 2 );margin-right: calc(-4% \/ 2 );\"><div class=\"fusion-layout-column fusion_builder_column fusion-builder-column-0 fusion_builder_column_1_1 1_1 fusion-flex-column\" style=\"--awb-bg-size:cover;--awb-width-large:100%;--awb-margin-top-large:15px;--awb-spacing-right-large:1.92%;--awb-margin-bottom-large:15px;--awb-spacing-left-large:1.92%;--awb-width-medium:100%;--awb-order-medium:0;--awb-spacing-right-medium:1.92%;--awb-spacing-left-medium:1.92%;--awb-width-small:100%;--awb-order-small:0;--awb-spacing-right-small:1.92%;--awb-spacing-left-small:1.92%;\"><div class=\"fusion-column-wrapper fusion-column-has-shadow fusion-flex-justify-content-flex-start fusion-content-layout-column\"><div class=\"fusion-text fusion-text-1\"><p>Allgemeine Gesch\u00e4ftsbedingungen und Widerrufsbelehrung<br \/>\nAllgemeine Gesch\u00e4ftsbedingungen (AGB) der Hull Dance &amp; Events GmbH zum Erwerb von Gutscheinen im Fernabsatz und elektronischen Gesch\u00e4ftsverkehr \u00fcber www.hull.de f\u00fcr die K\u00e4ufe von Privatkunden mit Rechnungsadresse in Deutschland<\/p>\n<p>Stand: 30.03.2017<\/p>\n<p>1 Geltungsbereich<br \/>\n2 Vertragsabschluss<br \/>\n3 Widerrufsbelehrung<br \/>\n4 Lieferung und Verf\u00fcgbarkeit<br \/>\n5 Einl\u00f6sung von Gutscheinen<br \/>\n6 Schlussbestimmung<br \/>\n\u00a7 1 Geltungsbereich<br \/>\nF\u00fcr den Erwerb von Gutscheinen der Hull Dance &amp; Events GmbH \u00fcber die Homepage www.hull.de gelten ausschlie\u00dflich die nachfolgenden allgemeinen Gesch\u00e4ftsbedingungen der Hull Dance &amp; Events GmbH, Hasestra\u00dfe 6\/7, 49074 Osnabr\u00fcck, Telefon: 0541 \/ 331 500, E-Mail: tanz@hull.de, in ihrer zum Zeitpunkt der Bestellung g\u00fcltigen Fassung.<\/p>\n<p>Etwaige von diesen Bedingungen abweichende Regelungen gelten nur, sofern sie von uns in Textform best\u00e4tigt worden sind.<\/p>\n<p>\u00a7 2 Vertragsabschluss<br \/>\n(1) Unsere Angaben zu Gutscheinen und Preisen innerhalb eines jeden Bestellvorganges sind freibleibend und unverbindlich. Vielmehr geben zun\u00e4chst Sie durch Ihre Bestellung \u00fcber den Button \u201eKostenpflichtig bestellen\u201c ein bindendes Kaufangebot ab, das noch der Annahme durch uns bedarf. Erst mit der Annahme Ihrer Bestellung kommt der Kaufvertrag \u00fcber die Ware wirksam zustande. Zur Annahme Ihres Kaufangebots sind wir nicht verpflichtet.<\/p>\n<p>(2) Ihre Bestellung wird durch uns angenommen, soweit und indem wir den von Ihnen ausgel\u00f6sten Bestellvorgang per E-Mail best\u00e4tigen. Eine Best\u00e4tigung kann nur erfolgen, wenn Sie unseren allgemeinen Gesch\u00e4ftsbedingungen zuvor zugestimmt haben und dar\u00fcber hinaus die Bezahlung Ihrer Bestellung \u00fcber PayPal erfolgreich veranlasst haben. Ein zur Bestellung erforderliches Passwort d\u00fcrfen Sie nicht an Dritte weitergeben. Im Falle einer Weitergabe stehen Sie auch f\u00fcr Bestellungen des Dritten ein. F\u00fcr jegliche Bestellungen mit Ihrem Passwort und daraus resultierende Forderungen kommen Sie auf.<\/p>\n<p>\u00a7 3 Widerrufsbelehrung<br \/>\nWiderrufsrecht<\/p>\n<p>Sie haben das Recht, binnen vierzehn Tagen ohne Angabe von Gr\u00fcnden diesen Vertrag zu widerrufen. Die Widerrufsfrist betr\u00e4gt vierzehn Tage ab dem Tag des Erhalts dieser Belehrung in Textform, jedoch nicht vor Eingang der bestellten Ware beim Empf\u00e4nger.<\/p>\n<p>Um Ihr Widerrufsrecht auszu\u00fcben, m\u00fcssen Sie uns<\/p>\n<p>Hull Dance &amp; Events GmbH<\/p>\n<p>Hasestra\u00dfe 6\/7<\/p>\n<p>49074 Osnabr\u00fcck<\/p>\n<p>Telefon: 0541 \/ 331 500<\/p>\n<p>E-Mail: tanz@hull.de<\/p>\n<p>mittels einer eindeutigen Erkl\u00e4rung in Textform \u00fcber Ihren Entschluss, diesen Vertrag zu widerrufen, informieren. F\u00fcr Ihre Widerrufserkl\u00e4rung in Text- oder Schriftform k\u00f6nnen Sie das beigef\u00fcgte Muster-Widerrufsformular verwenden, das jedoch nicht vorgeschrieben ist.<\/p>\n<p>Wenn Sie den Vertrag mit dem Widerrufsformular widerrufen wollen, dann f\u00fcllen Sie dieses Formular bitte aus und senden Sie es zur\u00fcck an:<\/p>\n<p>Widerrufsformular<\/p>\n<p>zu senden an:<\/p>\n<p>Hull Dance &amp; Events GmbH<\/p>\n<p>Hasestra\u00dfe 6\/7<\/p>\n<p>49074 Osnabr\u00fcck<\/p>\n<p>Telefon: 0541 \/ 331 500<\/p>\n<p>E-Mail: tanz@hull.de<\/p>\n<p>Hiermit widerrufe(n) ich \/ wir den von mir \/ uns abgeschlossenen Vertrag \u00fcber den Kauf der folgenden Waren:<\/p>\n<p>bestellt am :<\/p>\n<p>Name des \/ der Besteller(s):<\/p>\n<p>Anschrift des \/ der Besteller(s):<\/p>\n<p>Unterschrift des \/ der Besteller(s) (nur bei Mitteilung auf Papier):<\/p>\n<p>Datum:<\/p>\n<p>Widerrufsbelehrung als PDF herunterladen<\/p>\n<p>Zur Wahrung der Widerrufsfrist reicht es aus, dass Sie die Mitteilung \u00fcber die Aus\u00fcbung des Widerrufsrechts vor Ablauf der Widerrufsfrist absenden.<\/p>\n<p>Folgen des Widerrufs<\/p>\n<p>Wenn Sie diesen Vertrag widerrufen, haben wir Ihnen alle Zahlungen, die wir von Ihnen erhalten haben, unverz\u00fcglich und sp\u00e4testens binnen vierzehn Tagen ab dem Tag zur\u00fcckzuzahlen, an dem die Mitteilung \u00fcber Ihren Widerruf dieses Vertrags bei uns eingegangen ist. F\u00fcr diese R\u00fcckzahlung verwenden wir dasselbe Zahlungsmittel, das Sie bei der urspr\u00fcnglichen Transaktion eingesetzt haben, es sei denn, mit Ihnen wurde ausdr\u00fccklich etwas anderes vereinbart; in keinem Fall werden Ihnen wegen dieser R\u00fcckzahlung Entgelte berechnet.<\/p>\n<p>Wir k\u00f6nnen die R\u00fcckzahlung verweigern, bis wir die Waren wieder zur\u00fcckerhalten haben oder bis Sie den Nachweis erbracht haben, dass Sie die Waren zur\u00fcckgesandt haben, je nachdem, welches der fr\u00fchere Zeitpunkt ist.<\/p>\n<p>Sie haben die Waren unverz\u00fcglich und in jedem Fall sp\u00e4testens binnen vierzehn Tagen ab dem Tag, an dem Sie uns \u00fcber den Widerruf dieses Vertrags unterrichten, an uns zur\u00fcckzusenden oder zu \u00fcbergeben. Die Frist ist gewahrt, wenn Sie die Waren vor Ablauf der Frist von vierzehn Tagen absenden. Wir tragen die Kosten der R\u00fccksendung der Waren.<\/p>\n<p>Bei der Nutzung einer Dienstleistung erlischt Ihr Widerspruchsrecht vorzeitig, wenn die Ausf\u00fchrung der Dienstleistung mit Ihrer Zustimmung vollst\u00e4ndig oder teilweise vor Ende der Widerspruchsfrist erfolgte.<\/p>\n<p>\u00a7 4 Lieferung und Verf\u00fcgbarkeit<br \/>\n(1) Die Lieferung von Gutscheinen erfolgt ausschlie\u00dflich per E-Mail zum Selbstausdrucken.<\/p>\n<p>(2) Die Tanzschule ist zu Teillieferungen berechtigt, wenn dies dem Kunden zumutbar ist.<\/p>\n<p>(3) Bei Lieferverz\u00f6gerungen von mehr als vier Wochen hat der Kunde das Recht, vom Vertrag zur\u00fcckzutreten. Im \u00dcbrigen ist in diesem Fall auch die Tanzschule berechtigt, sich vom Vertrag zu l\u00f6sen. Hierbei werden eventuell vom Kunden bereits geleistete Zahlungen unverz\u00fcglich erstattet. Weitere gegenseitige Anspr\u00fcche sind ausgeschlossen.<\/p>\n<p>(4) Sofern Gutscheine sich auf spezielle Kursangebote der Tanzschule beziehen, und die Tanzschule diese Kurse im Angebotssortiment nicht mehr f\u00fchrt, hat der Kunde das Recht, auf die Erstattung des geleisteten Kaufpreises. Weitere Anspr\u00fcche bestehen nicht.<\/p>\n<p>\u00a7 5 Einl\u00f6sung von Gutscheinen<br \/>\n(1) Gutscheine sind bis zum Ende des dritten Jahres nach Kauf des Gutscheins einl\u00f6sbar bzw. g\u00fcltig (Ablaufdatum), es sei denn die G\u00fcltigkeit ist im Einzelfall beschr\u00e4nkt und die Tanzschule hat diese Beschr\u00e4nkung dem Kunden vor Abschluss des Kaufvertrages mitgeteilt.<\/p>\n<p>(2) Restguthaben werden bis zum Ablaufdatum dem Gutscheinkonto gutgeschrieben, danach k\u00f6nnen sie nicht mehr verwendet werden.<\/p>\n<p>(3) Gutscheine der Tanzschule k\u00f6nnen nur an der Kasse der Tanzschule eingel\u00f6st werden. Sollte der Wert eines Gutscheins f\u00fcr die gew\u00fcnschte Bezahlung nicht ausreichen, kann der Kunde die Differenz mit einer anderen, von der Tanzschule zugelassenen Zahlungsweise oder durch die Einl\u00f6sung weiterer Gutscheine begleichen.<\/p>\n<p>\u00a7 6 Schlussbestimmung<br \/>\nSollten einzelne Klauseln dieser AGB ganz oder teilweise ung\u00fcltig sein, ber\u00fchrt das die Wirksamkeit der \u00fcbrigen Bestimmungen nicht.<\/p>\n<\/div><\/div><\/div><\/div><\/div>\n","protected":false},"excerpt":{"rendered":"","protected":false},"author":1,"featured_media":0,"parent":0,"menu_order":0,"comment_status":"closed","ping_status":"closed","template":"","meta":{"footnotes":"","_links_to":"","_links_to_target":""},"class_list":["post-1423","page","type-page","status-publish","hentry"],"yoast_head":"<!-- This site is optimized with the Yoast SEO plugin v24.9 - https:\/\/yoast.com\/wordpress\/plugins\/seo\/ -->\n<title>AGB Gutscheinshop - Hull L\u00fcbbecke<\/title>\n<meta name=\"robots\" content=\"index, follow, max-snippet:-1, max-image-preview:large, max-video-preview:-1\" \/>\n<link rel=\"canonical\" href=\"https:\/\/hull.de\/luebbecke\/agb-gutscheinshop\/\" \/>\n<meta property=\"og:locale\" content=\"de_DE\" \/>\n<meta property=\"og:type\" content=\"article\" \/>\n<meta property=\"og:title\" content=\"AGB Gutscheinshop - Hull L\u00fcbbecke\" \/>\n<meta property=\"og:url\" content=\"https:\/\/hull.de\/luebbecke\/agb-gutscheinshop\/\" \/>\n<meta property=\"og:site_name\" content=\"Hull L\u00fcbbecke\" \/>\n<meta name=\"twitter:card\" content=\"summary_large_image\" \/>\n<meta name=\"twitter:label1\" content=\"Gesch\u00e4tzte Lesezeit\" \/>\n\t<meta name=\"twitter:data1\" content=\"8\u00a0Minuten\" \/>\n<script type=\"application\/ld+json\" class=\"yoast-schema-graph\">{\"@context\":\"https:\/\/schema.org\",\"@graph\":[{\"@type\":\"WebPage\",\"@id\":\"https:\/\/hull.de\/luebbecke\/agb-gutscheinshop\/\",\"url\":\"https:\/\/hull.de\/luebbecke\/agb-gutscheinshop\/\",\"name\":\"AGB Gutscheinshop - Hull L\u00fcbbecke\",\"isPartOf\":{\"@id\":\"https:\/\/hull.de\/luebbecke\/#website\"},\"datePublished\":\"2021-03-13T15:40:53+00:00\",\"breadcrumb\":{\"@id\":\"https:\/\/hull.de\/luebbecke\/agb-gutscheinshop\/#breadcrumb\"},\"inLanguage\":\"de\",\"potentialAction\":[{\"@type\":\"ReadAction\",\"target\":[\"https:\/\/hull.de\/luebbecke\/agb-gutscheinshop\/\"]}]},{\"@type\":\"BreadcrumbList\",\"@id\":\"https:\/\/hull.de\/luebbecke\/agb-gutscheinshop\/#breadcrumb\",\"itemListElement\":[{\"@type\":\"ListItem\",\"position\":1,\"name\":\"Startseite\",\"item\":\"https:\/\/hull.de\/luebbecke\/\"},{\"@type\":\"ListItem\",\"position\":2,\"name\":\"AGB Gutscheinshop\"}]},{\"@type\":\"WebSite\",\"@id\":\"https:\/\/hull.de\/luebbecke\/#website\",\"url\":\"https:\/\/hull.de\/luebbecke\/\",\"name\":\"Hull L\u00fcbbecke\",\"description\":\"\",\"potentialAction\":[{\"@type\":\"SearchAction\",\"target\":{\"@type\":\"EntryPoint\",\"urlTemplate\":\"https:\/\/hull.de\/luebbecke\/?s={search_term_string}\"},\"query-input\":{\"@type\":\"PropertyValueSpecification\",\"valueRequired\":true,\"valueName\":\"search_term_string\"}}],\"inLanguage\":\"de\"}]}<\/script>\n<!-- \/ Yoast SEO plugin. -->","yoast_head_json":{"title":"AGB Gutscheinshop - Hull L\u00fcbbecke","robots":{"index":"index","follow":"follow","max-snippet":"max-snippet:-1","max-image-preview":"max-image-preview:large","max-video-preview":"max-video-preview:-1"},"canonical":"https:\/\/hull.de\/luebbecke\/agb-gutscheinshop\/","og_locale":"de_DE","og_type":"article","og_title":"AGB Gutscheinshop - Hull L\u00fcbbecke","og_url":"https:\/\/hull.de\/luebbecke\/agb-gutscheinshop\/","og_site_name":"Hull L\u00fcbbecke","twitter_card":"summary_large_image","twitter_misc":{"Gesch\u00e4tzte Lesezeit":"8\u00a0Minuten"},"schema":{"@context":"https:\/\/schema.org","@graph":[{"@type":"WebPage","@id":"https:\/\/hull.de\/luebbecke\/agb-gutscheinshop\/","url":"https:\/\/hull.de\/luebbecke\/agb-gutscheinshop\/","name":"AGB Gutscheinshop - Hull L\u00fcbbecke","isPartOf":{"@id":"https:\/\/hull.de\/luebbecke\/#website"},"datePublished":"2021-03-13T15:40:53+00:00","breadcrumb":{"@id":"https:\/\/hull.de\/luebbecke\/agb-gutscheinshop\/#breadcrumb"},"inLanguage":"de","potentialAction":[{"@type":"ReadAction","target":["https:\/\/hull.de\/luebbecke\/agb-gutscheinshop\/"]}]},{"@type":"BreadcrumbList","@id":"https:\/\/hull.de\/luebbecke\/agb-gutscheinshop\/#breadcrumb","itemListElement":[{"@type":"ListItem","position":1,"name":"Startseite","item":"https:\/\/hull.de\/luebbecke\/"},{"@type":"ListItem","position":2,"name":"AGB Gutscheinshop"}]},{"@type":"WebSite","@id":"https:\/\/hull.de\/luebbecke\/#website","url":"https:\/\/hull.de\/luebbecke\/","name":"Hull L\u00fcbbecke","description":"","potentialAction":[{"@type":"SearchAction","target":{"@type":"EntryPoint","urlTemplate":"https:\/\/hull.de\/luebbecke\/?s={search_term_string}"},"query-input":{"@type":"PropertyValueSpecification","valueRequired":true,"valueName":"search_term_string"}}],"inLanguage":"de"}]}},"_links":{"self":[{"href":"https:\/\/hull.de\/luebbecke\/wp-json\/wp\/v2\/pages\/1423","targetHints":{"allow":["GET"]}}],"collection":[{"href":"https:\/\/hull.de\/luebbecke\/wp-json\/wp\/v2\/pages"}],"about":[{"href":"https:\/\/hull.de\/luebbecke\/wp-json\/wp\/v2\/types\/page"}],"author":[{"embeddable":true,"href":"https:\/\/hull.de\/luebbecke\/wp-json\/wp\/v2\/users\/1"}],"replies":[{"embeddable":true,"href":"https:\/\/hull.de\/luebbecke\/wp-json\/wp\/v2\/comments?post=1423"}],"version-history":[{"count":1,"href":"https:\/\/hull.de\/luebbecke\/wp-json\/wp\/v2\/pages\/1423\/revisions"}],"predecessor-version":[{"id":1424,"href":"https:\/\/hull.de\/luebbecke\/wp-json\/wp\/v2\/pages\/1423\/revisions\/1424"}],"wp:attachment":[{"href":"https:\/\/hull.de\/luebbecke\/wp-json\/wp\/v2\/media?parent=1423"}],"curies":[{"name":"wp","href":"https:\/\/api.w.org\/{rel}","templated":true}]}}