{"id":14608,"date":"2022-01-04T19:02:50","date_gmt":"2022-01-04T18:02:50","guid":{"rendered":"http:\/\/hull.de\/luebbecke\/?page_id=14608"},"modified":"2022-02-20T17:05:11","modified_gmt":"2022-02-20T16:05:11","slug":"kindertanz","status":"publish","type":"page","link":"https:\/\/hull.de\/luebbecke\/kindertanz\/","title":{"rendered":"Kindertanz"},"content":{"rendered":"<p><div class=\"fusion-fullwidth fullwidth-box fusion-builder-row-1 fusion-flex-container fusion-parallax-none nonhundred-percent-fullwidth non-hundred-percent-height-scrolling\" style=\"--awb-border-radius-top-left:0px;--awb-border-radius-top-right:0px;--awb-border-radius-bottom-right:0px;--awb-border-radius-bottom-left:0px;--awb-min-height:350px;--awb-background-image:url(&quot;http:\/\/hull.de\/luebbecke\/wp-content\/uploads\/sites\/9\/2022\/01\/Solotanz_Kindertanzen.jpg&quot;);--awb-background-size:cover;--awb-flex-wrap:wrap;\" ><div class=\"fusion-builder-row fusion-row fusion-flex-align-items-center fusion-flex-content-wrap\" style=\"max-width:1216.8px;margin-left: calc(-4% \/ 2 );margin-right: calc(-4% \/ 2 );\"><div class=\"fusion-layout-column fusion_builder_column fusion-builder-column-0 fusion_builder_column_1_1 1_1 fusion-flex-column\" style=\"--awb-bg-size:cover;--awb-width-large:100%;--awb-margin-top-large:15px;--awb-spacing-right-large:1.92%;--awb-margin-bottom-large:15px;--awb-spacing-left-large:1.92%;--awb-width-medium:100%;--awb-order-medium:0;--awb-spacing-right-medium:1.92%;--awb-spacing-left-medium:1.92%;--awb-width-small:100%;--awb-order-small:0;--awb-spacing-right-small:1.92%;--awb-spacing-left-small:1.92%;\"><div class=\"fusion-column-wrapper fusion-column-has-shadow fusion-flex-justify-content-flex-start fusion-content-layout-column\"><div class=\"fusion-title title fusion-title-1 fusion-sep-none fusion-title-text fusion-title-size-one\" style=\"--awb-text-color:#ffffff;\"><h1 class=\"fusion-title-heading title-heading-left fusion-responsive-typography-calculated\" style=\"margin:0;--fontSize:90;line-height:1;\">Kindertanz<\/h1><\/div><\/div><\/div><\/div><\/div><div class=\"fusion-fullwidth fullwidth-box fusion-builder-row-2 fusion-flex-container nonhundred-percent-fullwidth non-hundred-percent-height-scrolling\" style=\"--awb-background-position:left top;--awb-border-sizes-top:0px;--awb-border-sizes-bottom:0px;--awb-border-sizes-left:0px;--awb-border-sizes-right:0px;--awb-border-radius-top-left:0px;--awb-border-radius-top-right:0px;--awb-border-radius-bottom-right:0px;--awb-border-radius-bottom-left:0px;--awb-padding-top:3%;--awb-padding-bottom:3%;--awb-background-image:linear-gradient(180deg, #f7f7f7 0%,#ffffff 75%);--awb-flex-wrap:wrap;\" ><div class=\"fusion-builder-row fusion-row fusion-flex-align-items-flex-start fusion-flex-justify-content-center fusion-flex-content-wrap\" style=\"max-width:calc( 1170px + 0px );margin-left: calc(-0px \/ 2 );margin-right: calc(-0px \/ 2 );\"><div class=\"fusion-layout-column fusion_builder_column fusion-builder-column-1 fusion_builder_column_1_1 1_1 fusion-flex-column fusion-animated\" style=\"--awb-bg-blend:overlay;--awb-bg-size:cover;--awb-width-large:100%;--awb-margin-top-large:60px;--awb-spacing-right-large:0px;--awb-margin-bottom-large:60px;--awb-spacing-left-large:0px;--awb-width-medium:100%;--awb-spacing-right-medium:0px;--awb-spacing-left-medium:0px;--awb-width-small:100%;--awb-spacing-right-small:0px;--awb-spacing-left-small:0px;\" data-animationType=\"fadeInDown\" data-animationDuration=\"1.0\" data-animationOffset=\"top-into-view\"><div class=\"fusion-column-wrapper fusion-flex-justify-content-flex-start fusion-content-layout-column\"><div class=\"fusion-text fusion-text-1\"><p>Tanzkurse f\u00fcr Kinder sind nicht nur wegen der Bewegung gut und wichtig. Das Tanzen ist Teil der musischen Bildung und schult Rhythmus, Dynamik, Ausdruck und Formverlauf.<\/p>\n<p>Wir starten mit der t\u00e4nzerischen Fr\u00fcherziehung, die uns zeigt, wie wir die Musik h\u00f6ren und verstehen. Taktgef\u00fchl entwickelt sich dabei bei Kleinkindern besonders schnell. Spielerisch, mit verschiedenen Modulen, f\u00f6rdern wir das Selbstbewusstsein der Kinder, die Kreativit\u00e4t und die Motivation zur Bewegung. Nat\u00fcrlich kommen die Choreografien zu unseren Lieblingsliedern dazu und helfen bei der Entwicklung des Denkverm\u00f6gens und trainieren unser Kurz- und Langzeitged\u00e4chtnis!<\/p>\n<p>In unseren Kinderkursen stehen aber zwei Punkte ganz oben: Spa\u00df &amp; Gemeinschaft! Denn zusammen mit Spa\u00df klappt alles besser! Aber auch f\u00fcr die gr\u00f6\u00dferen Kids haben wir einiges zu bieten! Es gibt kein perfektes Alter, um mit dem Tanzen anzufangen! Jeder Zeitpunkt ist ein Guter! <\/p>\n<\/div><\/div><\/div><\/div><\/div><div class=\"fusion-fullwidth fullwidth-box fusion-builder-row-3 fusion-flex-container nonhundred-percent-fullwidth non-hundred-percent-height-scrolling\" style=\"--awb-background-position:left top;--awb-border-sizes-top:0px;--awb-border-sizes-bottom:0px;--awb-border-sizes-left:0px;--awb-border-sizes-right:0px;--awb-border-radius-top-left:0px;--awb-border-radius-top-right:0px;--awb-border-radius-bottom-right:0px;--awb-border-radius-bottom-left:0px;--awb-padding-top:3%;--awb-padding-bottom:3%;--awb-background-image:linear-gradient(180deg, #f4f4f4 0%,#f4f4f4 75%);--awb-flex-wrap:wrap;\" ><div class=\"fusion-builder-row fusion-row fusion-flex-align-items-flex-start fusion-flex-justify-content-center fusion-flex-content-wrap\" style=\"max-width:calc( 1170px + 0px );margin-left: calc(-0px \/ 2 );margin-right: calc(-0px \/ 2 );\"><div class=\"fusion-layout-column fusion_builder_column fusion-builder-column-2 fusion_builder_column_1_1 1_1 fusion-flex-column fusion-animated\" style=\"--awb-bg-blend:overlay;--awb-bg-size:cover;--awb-width-large:100%;--awb-margin-top-large:60px;--awb-spacing-right-large:calc( 0.02 * calc( 100% - 0px ) );--awb-margin-bottom-large:7px;--awb-spacing-left-large:calc( 0.02 * calc( 100% - 0px ) );--awb-width-medium:100%;--awb-spacing-right-medium:0px;--awb-spacing-left-medium:0px;--awb-width-small:100%;--awb-spacing-right-small:0px;--awb-spacing-left-small:0px;\" data-animationType=\"fadeInDown\" data-animationDuration=\"1.0\" data-animationOffset=\"top-into-view\"><div class=\"fusion-column-wrapper fusion-flex-justify-content-flex-start fusion-content-layout-column\"><div class=\"fusion-title title fusion-title-2 fusion-sep-none fusion-title-center fusion-title-text fusion-title-size-three\" style=\"--awb-margin-bottom:60px;\"><h3 class=\"fusion-title-heading title-heading-center fusion-responsive-typography-calculated\" style=\"margin:0;--fontSize:70;line-height:1;\">Kurs\u00fcbersicht<\/h3><\/div>[PCA-Kursliste tag=\"kindertanzen\"]<\/div><\/div><\/div><\/div><div class=\"fusion-fullwidth fullwidth-box fusion-builder-row-4 fusion-flex-container hundred-percent-fullwidth non-hundred-percent-height-scrolling fusion-custom-z-index\" style=\"--awb-background-position:left top;--awb-border-sizes-top:0px;--awb-border-sizes-bottom:0px;--awb-border-sizes-left:0px;--awb-border-sizes-right:0px;--awb-border-radius-top-left:0px;--awb-border-radius-top-right:0px;--awb-border-radius-bottom-right:0px;--awb-border-radius-bottom-left:0px;--awb-z-index:1;--awb-padding-top:3%;--awb-padding-bottom:3%;--awb-background-image:linear-gradient(180deg, #f7f7f7 0%,#ffffff 75%);--awb-flex-wrap:wrap;\" ><div class=\"fusion-builder-row fusion-row fusion-flex-align-items-flex-start fusion-flex-justify-content-center fusion-flex-content-wrap\" style=\"width:calc( 100% + 0px ) !important;max-width:calc( 100% + 0px ) !important;margin-left: calc(-0px \/ 2 );margin-right: calc(-0px \/ 2 );\"><div class=\"fusion-layout-column fusion_builder_column fusion-builder-column-3 fusion_builder_column_1_1 1_1 fusion-flex-column fusion-animated\" style=\"--awb-bg-blend:overlay;--awb-bg-size:cover;--awb-width-large:100%;--awb-margin-top-large:60px;--awb-spacing-right-large:calc( 0.02 * calc( 100% - 0px ) );--awb-margin-bottom-large:7px;--awb-spacing-left-large:calc( 0.02 * calc( 100% - 0px ) );--awb-width-medium:100%;--awb-spacing-right-medium:0px;--awb-spacing-left-medium:0px;--awb-width-small:100%;--awb-spacing-right-small:0px;--awb-spacing-left-small:0px;\" data-animationType=\"fadeInDown\" data-animationDuration=\"1.0\" data-animationOffset=\"top-into-view\"><div class=\"fusion-column-wrapper fusion-flex-justify-content-flex-start fusion-content-layout-column\"><div class=\"fusion-title title fusion-title-3 fusion-sep-none fusion-title-center fusion-title-text fusion-title-size-two\" style=\"--awb-margin-top:15px;--awb-font-size:90px;\"><h2 class=\"fusion-title-heading title-heading-center fusion-responsive-typography-calculated\" style=\"margin:0;font-size:1em;--fontSize:90;line-height:1;\">\n<div id=\"sb_instagram\"  class=\"sbi sbi_mob_col_1 sbi_tab_col_2 sbi_col_4\" style=\"padding-bottom: 10px; width: 100%;\"\t data-feedid=\"*1\"  data-res=\"auto\" data-cols=\"4\" data-colsmobile=\"1\" data-colstablet=\"2\" data-num=\"4\" data-nummobile=\"\" data-item-padding=\"5\"\t data-shortcode-atts=\"{}\"  data-postid=\"14608\" data-locatornonce=\"2571bc8bbc\" data-imageaspectratio=\"1:1\" data-sbi-flags=\"favorLocal,gdpr\">\n\t\n\t<div id=\"sbi_images\"  style=\"gap: 10px;\">\n\t\t\t<\/div>\n\n\t<div id=\"sbi_load\" >\n\n\t\n\t\n<\/div>\n\t\t<span class=\"sbi_resized_image_data\" data-feed-id=\"*1\"\n\t\t  data-resized=\"[]\">\n\t<\/span>\n\t<\/div>\n\n<\/h2><\/div><\/div><\/div><\/div><\/div><\/p>\n","protected":false},"excerpt":{"rendered":"","protected":false},"author":6,"featured_media":0,"parent":0,"menu_order":0,"comment_status":"closed","ping_status":"closed","template":"100-width.php","meta":{"footnotes":"","_links_to":"","_links_to_target":""},"class_list":["post-14608","page","type-page","status-publish","hentry"],"yoast_head":"<!-- This site is optimized with the Yoast SEO plugin v27.4 - https:\/\/yoast.com\/product\/yoast-seo-wordpress\/ -->\n<title>Kindertanz - Hull L\u00fcbbecke<\/title>\n<meta name=\"robots\" content=\"index, follow, max-snippet:-1, max-image-preview:large, max-video-preview:-1\" \/>\n<link rel=\"canonical\" href=\"http:\/\/hull.de\/luebbecke\/kindertanz\/\" \/>\n<meta property=\"og:locale\" content=\"de_DE\" \/>\n<meta property=\"og:type\" content=\"article\" \/>\n<meta property=\"og:title\" content=\"Kindertanz - Hull L\u00fcbbecke\" \/>\n<meta property=\"og:url\" content=\"http:\/\/hull.de\/luebbecke\/kindertanz\/\" \/>\n<meta property=\"og:site_name\" content=\"Hull L\u00fcbbecke\" \/>\n<meta property=\"article:modified_time\" content=\"2022-02-20T16:05:11+00:00\" \/>\n<meta name=\"twitter:card\" content=\"summary_large_image\" \/>\n<meta name=\"twitter:label1\" content=\"Gesch\u00e4tzte Lesezeit\" \/>\n\t<meta name=\"twitter:data1\" content=\"8\u00a0Minuten\" \/>\n<script type=\"application\/ld+json\" class=\"yoast-schema-graph\">{\"@context\":\"https:\\\/\\\/schema.org\",\"@graph\":[{\"@type\":\"WebPage\",\"@id\":\"http:\\\/\\\/hull.de\\\/luebbecke\\\/kindertanz\\\/\",\"url\":\"http:\\\/\\\/hull.de\\\/luebbecke\\\/kindertanz\\\/\",\"name\":\"Kindertanz - Hull L\u00fcbbecke\",\"isPartOf\":{\"@id\":\"https:\\\/\\\/hull.de\\\/luebbecke\\\/#website\"},\"datePublished\":\"2022-01-04T18:02:50+00:00\",\"dateModified\":\"2022-02-20T16:05:11+00:00\",\"breadcrumb\":{\"@id\":\"http:\\\/\\\/hull.de\\\/luebbecke\\\/kindertanz\\\/#breadcrumb\"},\"inLanguage\":\"de\",\"potentialAction\":[{\"@type\":\"ReadAction\",\"target\":[\"http:\\\/\\\/hull.de\\\/luebbecke\\\/kindertanz\\\/\"]}]},{\"@type\":\"BreadcrumbList\",\"@id\":\"http:\\\/\\\/hull.de\\\/luebbecke\\\/kindertanz\\\/#breadcrumb\",\"itemListElement\":[{\"@type\":\"ListItem\",\"position\":1,\"name\":\"Startseite\",\"item\":\"https:\\\/\\\/hull.de\\\/luebbecke\\\/\"},{\"@type\":\"ListItem\",\"position\":2,\"name\":\"Kindertanz\"}]},{\"@type\":\"WebSite\",\"@id\":\"https:\\\/\\\/hull.de\\\/luebbecke\\\/#website\",\"url\":\"https:\\\/\\\/hull.de\\\/luebbecke\\\/\",\"name\":\"Hull L\u00fcbbecke\",\"description\":\"\",\"potentialAction\":[{\"@type\":\"SearchAction\",\"target\":{\"@type\":\"EntryPoint\",\"urlTemplate\":\"https:\\\/\\\/hull.de\\\/luebbecke\\\/?s={search_term_string}\"},\"query-input\":{\"@type\":\"PropertyValueSpecification\",\"valueRequired\":true,\"valueName\":\"search_term_string\"}}],\"inLanguage\":\"de\"}]}<\/script>\n<!-- \/ Yoast SEO plugin. -->","yoast_head_json":{"title":"Kindertanz - Hull L\u00fcbbecke","robots":{"index":"index","follow":"follow","max-snippet":"max-snippet:-1","max-image-preview":"max-image-preview:large","max-video-preview":"max-video-preview:-1"},"canonical":"http:\/\/hull.de\/luebbecke\/kindertanz\/","og_locale":"de_DE","og_type":"article","og_title":"Kindertanz - Hull L\u00fcbbecke","og_url":"http:\/\/hull.de\/luebbecke\/kindertanz\/","og_site_name":"Hull L\u00fcbbecke","article_modified_time":"2022-02-20T16:05:11+00:00","twitter_card":"summary_large_image","twitter_misc":{"Gesch\u00e4tzte Lesezeit":"8\u00a0Minuten"},"schema":{"@context":"https:\/\/schema.org","@graph":[{"@type":"WebPage","@id":"http:\/\/hull.de\/luebbecke\/kindertanz\/","url":"http:\/\/hull.de\/luebbecke\/kindertanz\/","name":"Kindertanz - Hull L\u00fcbbecke","isPartOf":{"@id":"https:\/\/hull.de\/luebbecke\/#website"},"datePublished":"2022-01-04T18:02:50+00:00","dateModified":"2022-02-20T16:05:11+00:00","breadcrumb":{"@id":"http:\/\/hull.de\/luebbecke\/kindertanz\/#breadcrumb"},"inLanguage":"de","potentialAction":[{"@type":"ReadAction","target":["http:\/\/hull.de\/luebbecke\/kindertanz\/"]}]},{"@type":"BreadcrumbList","@id":"http:\/\/hull.de\/luebbecke\/kindertanz\/#breadcrumb","itemListElement":[{"@type":"ListItem","position":1,"name":"Startseite","item":"https:\/\/hull.de\/luebbecke\/"},{"@type":"ListItem","position":2,"name":"Kindertanz"}]},{"@type":"WebSite","@id":"https:\/\/hull.de\/luebbecke\/#website","url":"https:\/\/hull.de\/luebbecke\/","name":"Hull L\u00fcbbecke","description":"","potentialAction":[{"@type":"SearchAction","target":{"@type":"EntryPoint","urlTemplate":"https:\/\/hull.de\/luebbecke\/?s={search_term_string}"},"query-input":{"@type":"PropertyValueSpecification","valueRequired":true,"valueName":"search_term_string"}}],"inLanguage":"de"}]}},"_links":{"self":[{"href":"https:\/\/hull.de\/luebbecke\/wp-json\/wp\/v2\/pages\/14608","targetHints":{"allow":["GET"]}}],"collection":[{"href":"https:\/\/hull.de\/luebbecke\/wp-json\/wp\/v2\/pages"}],"about":[{"href":"https:\/\/hull.de\/luebbecke\/wp-json\/wp\/v2\/types\/page"}],"author":[{"embeddable":true,"href":"https:\/\/hull.de\/luebbecke\/wp-json\/wp\/v2\/users\/6"}],"replies":[{"embeddable":true,"href":"https:\/\/hull.de\/luebbecke\/wp-json\/wp\/v2\/comments?post=14608"}],"version-history":[{"count":8,"href":"https:\/\/hull.de\/luebbecke\/wp-json\/wp\/v2\/pages\/14608\/revisions"}],"predecessor-version":[{"id":15809,"href":"https:\/\/hull.de\/luebbecke\/wp-json\/wp\/v2\/pages\/14608\/revisions\/15809"}],"wp:attachment":[{"href":"https:\/\/hull.de\/luebbecke\/wp-json\/wp\/v2\/media?parent=14608"}],"curies":[{"name":"wp","href":"https:\/\/api.w.org\/{rel}","templated":true}]}}