{"id":9970,"date":"2022-01-04T17:13:46","date_gmt":"2022-01-04T16:13:46","guid":{"rendered":"http:\/\/hull.de\/luebbecke\/?page_id=9970"},"modified":"2022-01-26T12:12:53","modified_gmt":"2022-01-26T11:12:53","slug":"schuelerkurse","status":"publish","type":"page","link":"https:\/\/hull.de\/luebbecke\/schuelerkurse\/","title":{"rendered":"Sch\u00fclerkurse"},"content":{"rendered":"<p><div class=\"fusion-fullwidth fullwidth-box fusion-builder-row-1 fusion-flex-container fusion-parallax-none nonhundred-percent-fullwidth non-hundred-percent-height-scrolling\" style=\"--awb-border-radius-top-left:0px;--awb-border-radius-top-right:0px;--awb-border-radius-bottom-right:0px;--awb-border-radius-bottom-left:0px;--awb-min-height:350px;--awb-background-image:url(&quot;http:\/\/hull.de\/luebbecke\/wp-content\/uploads\/sites\/9\/2022\/01\/Schuelerkurse_Header.jpg&quot;);--awb-background-size:cover;--awb-flex-wrap:wrap;\" ><div class=\"fusion-builder-row fusion-row fusion-flex-align-items-center fusion-flex-content-wrap\" style=\"max-width:1216.8px;margin-left: calc(-4% \/ 2 );margin-right: calc(-4% \/ 2 );\"><div class=\"fusion-layout-column fusion_builder_column fusion-builder-column-0 fusion_builder_column_1_1 1_1 fusion-flex-column\" style=\"--awb-bg-size:cover;--awb-width-large:100%;--awb-margin-top-large:15px;--awb-spacing-right-large:1.92%;--awb-margin-bottom-large:15px;--awb-spacing-left-large:1.92%;--awb-width-medium:100%;--awb-order-medium:0;--awb-spacing-right-medium:1.92%;--awb-spacing-left-medium:1.92%;--awb-width-small:100%;--awb-order-small:0;--awb-spacing-right-small:1.92%;--awb-spacing-left-small:1.92%;\"><div class=\"fusion-column-wrapper fusion-column-has-shadow fusion-flex-justify-content-flex-start fusion-content-layout-column\"><div class=\"fusion-title title fusion-title-1 fusion-sep-none fusion-title-text fusion-title-size-one\" style=\"--awb-text-color:#ffffff;\"><h1 class=\"fusion-title-heading title-heading-left fusion-responsive-typography-calculated\" style=\"margin:0;--fontSize:90;line-height:1;\">PAARTANZKURSE F\u00dcR SCH\u00dcLER*INNEN<\/h1><\/div><\/div><\/div><\/div><\/div><div class=\"fusion-fullwidth fullwidth-box fusion-builder-row-2 fusion-flex-container nonhundred-percent-fullwidth non-hundred-percent-height-scrolling\" style=\"--awb-background-position:left top;--awb-border-sizes-top:0px;--awb-border-sizes-bottom:0px;--awb-border-sizes-left:0px;--awb-border-sizes-right:0px;--awb-border-radius-top-left:0px;--awb-border-radius-top-right:0px;--awb-border-radius-bottom-right:0px;--awb-border-radius-bottom-left:0px;--awb-padding-top:3%;--awb-padding-bottom:3%;--awb-background-image:linear-gradient(180deg, #f7f7f7 0%,#ffffff 75%);--awb-flex-wrap:wrap;\" ><div class=\"fusion-builder-row fusion-row fusion-flex-align-items-flex-start fusion-flex-justify-content-center fusion-flex-content-wrap\" style=\"max-width:calc( 1170px + 0px );margin-left: calc(-0px \/ 2 );margin-right: calc(-0px \/ 2 );\"><div class=\"fusion-layout-column fusion_builder_column fusion-builder-column-1 fusion_builder_column_1_1 1_1 fusion-flex-column fusion-animated\" style=\"--awb-bg-blend:overlay;--awb-bg-size:cover;--awb-width-large:100%;--awb-margin-top-large:60px;--awb-spacing-right-large:0px;--awb-margin-bottom-large:60px;--awb-spacing-left-large:0px;--awb-width-medium:100%;--awb-spacing-right-medium:0px;--awb-spacing-left-medium:0px;--awb-width-small:100%;--awb-spacing-right-small:0px;--awb-spacing-left-small:0px;\" data-animationType=\"fadeInDown\" data-animationDuration=\"1.0\" data-animationOffset=\"top-into-view\"><div class=\"fusion-column-wrapper fusion-flex-justify-content-flex-start fusion-content-layout-column\"><div class=\"fusion-text fusion-text-1\"><p>In diesen Tanzkursen bereiten sich Sch\u00fcler*innen im Paartanz auf den Abschlussball vor. Der Abschlussball ist f\u00fcr viele Sch\u00fcler*innen ein Highlight des Jahres. Denn die Abschlussb\u00e4lle der Tanzschule Hull sind in der Region Osnabr\u00fcck legend\u00e4r.<\/p>\n<p>Dieses Events sind ein famili\u00e4rer Tanzabend, eine Tanzshow sowie eine legend\u00e4re Party in einem.<br \/>\nDie Sch\u00fcler*innen Grundkurse fangen bei null an, denn gemeinsam setzten wir uns das Ziel: bis zum Ball auf dem Parkett zu gl\u00e4nzen!<br \/>\nGenau dabei wollen wir euch begleiten!<br \/>\nIn den vergangenen Jahren konnten wir so ziemlich jede Schulklasse von uns \u00fcberzeugen und geben alles, um es auch bei euch zu tun!<\/p>\n<p>Konnten wir euch nicht nur mit dem Ball, sondern auch mit unserem Tanzkurs \u00fcberzeugen, so freuen wir uns, mit euch in den Tanzzirkeln f\u00fcr Sch\u00fcler*innen weiter zu tanzen.<\/p>\n<\/div><\/div><\/div><\/div><\/div><div class=\"fusion-fullwidth fullwidth-box fusion-builder-row-3 fusion-flex-container hundred-percent-fullwidth non-hundred-percent-height-scrolling\" style=\"--awb-background-position:left top;--awb-border-sizes-top:0px;--awb-border-sizes-bottom:0px;--awb-border-sizes-left:0px;--awb-border-sizes-right:0px;--awb-border-radius-top-left:0px;--awb-border-radius-top-right:0px;--awb-border-radius-bottom-right:0px;--awb-border-radius-bottom-left:0px;--awb-padding-top:0px;--awb-padding-right:0px;--awb-padding-bottom:0px;--awb-padding-left:0px;--awb-background-color:#ffffff;--awb-flex-wrap:wrap;\" ><div class=\"fusion-builder-row fusion-row fusion-flex-align-items-stretch fusion-flex-content-wrap\" style=\"width:calc( 100% + 0px ) !important;max-width:calc( 100% + 0px ) !important;margin-left: calc(-0px \/ 2 );margin-right: calc(-0px \/ 2 );\"><div class=\"fusion-layout-column fusion_builder_column fusion-builder-column-2 fusion_builder_column_1_1 1_1 fusion-flex-column\" style=\"--awb-bg-position:center center;--awb-bg-blend:overlay;--awb-bg-size:cover;--awb-width-large:100%;--awb-margin-top-large:0px;--awb-spacing-right-large:0px;--awb-margin-bottom-large:-82px;--awb-spacing-left-large:0px;--awb-width-medium:100%;--awb-spacing-right-medium:0px;--awb-spacing-left-medium:0px;--awb-width-small:100%;--awb-spacing-right-small:0px;--awb-spacing-left-small:0px;\"><div class=\"fusion-column-wrapper fusion-flex-justify-content-flex-start fusion-content-layout-column\"><div class=\"fusion-recent-works fusion-portfolio-element fusion-portfolio fusion-portfolio-1 fusion-portfolio-grid fusion-portfolio-paging-pagination fusion-portfolio-four fusion-portfolio-no_text fusion-portfolio-rollover fusion-animated\" data-id=\"-rw-1\" data-columns=\"four\" data-animationType=\"fadeInLeft\" data-animationDuration=\"1.0\" data-animationOffset=\"top-into-view\"><style type=\"text\/css\">.fusion-portfolio-1 .fusion-portfolio-wrapper .fusion-col-spacing{padding:0px;}<\/style><div class=\"fusion-portfolio-wrapper\" id=\"fusion-portfolio-1\" data-picturesize=\"auto\" data-pages=\"1\" style=\"margin:-0px;\"><article id=\"portfolio-1-post-14511\" class=\"fusion-portfolio-post schuelerkurse fusion-col-spacing post-14511\"><div class=\"fusion-portfolio-content-wrapper\" style=\"border:none;\"><span class=\"entry-title rich-snippet-hidden\">Grundkurse f\u00fcr Schueler*innen<\/span><span class=\"vcard rich-snippet-hidden\"><span class=\"fn\"><a href=\"https:\/\/hull.de\/luebbecke\/author\/torben\/\" title=\"Beitr\u00e4ge von torben\" rel=\"author\">torben<\/a><\/span><\/span><span class=\"updated rich-snippet-hidden\">2022-02-17T13:51:54+01:00<\/span><div  class=\"fusion-image-wrapper\" aria-haspopup=\"true\">\n\t\t\t\t<img decoding=\"async\" width=\"975\" height=\"1625\" src=\"https:\/\/hull.de\/luebbecke\/wp-content\/uploads\/sites\/9\/2017\/05\/Schuelerkurse_2.jpg\" class=\"attachment-full size-full wp-post-image\" alt=\"\" srcset=\"https:\/\/hull.de\/luebbecke\/wp-content\/uploads\/sites\/9\/2017\/05\/Schuelerkurse_2-200x333.jpg 200w, https:\/\/hull.de\/luebbecke\/wp-content\/uploads\/sites\/9\/2017\/05\/Schuelerkurse_2-400x667.jpg 400w, https:\/\/hull.de\/luebbecke\/wp-content\/uploads\/sites\/9\/2017\/05\/Schuelerkurse_2-600x1000.jpg 600w, https:\/\/hull.de\/luebbecke\/wp-content\/uploads\/sites\/9\/2017\/05\/Schuelerkurse_2-800x1333.jpg 800w, https:\/\/hull.de\/luebbecke\/wp-content\/uploads\/sites\/9\/2017\/05\/Schuelerkurse_2.jpg 975w\" sizes=\"(min-width: 2200px) 100vw, (min-width: 1216px) 293px, (min-width: 1024px) 390px, (min-width: 832px) 585px, (min-width: 640px) 832px, \" \/><div class=\"fusion-rollover\">\n\t<div class=\"fusion-rollover-content\">\n\n\t\t\t\t\n\t\t\n\t\t\t\t\t\t\t\t\t\t\t\t<h4 class=\"fusion-rollover-title\">\n\t\t\t\t\t<a class=\"fusion-rollover-title-link\" href=\"\/luebbecke\/grundkurse-fuer-schuelerinnen\/\">\n\t\t\t\t\t\tGrundkurse f\u00fcr Schueler*innen\t\t\t\t\t<\/a>\n\t\t\t\t<\/h4>\n\t\t\t\n\t\t\t\t\t\t\t\t\n\t\t\n\t\t\t\t\t\t<a class=\"fusion-link-wrapper\" href=\"\/luebbecke\/grundkurse-fuer-schuelerinnen\/\" aria-label=\"Grundkurse f\u00fcr Schueler*innen\"><\/a>\n\t<\/div>\n<\/div>\n<\/div>\n<\/div><\/article><article id=\"portfolio-1-post-14516\" class=\"fusion-portfolio-post schuelerkurse fusion-col-spacing post-14516\"><div class=\"fusion-portfolio-content-wrapper\" style=\"border:none;\"><span class=\"entry-title rich-snippet-hidden\">Der legend\u00e4re Abschlussball<\/span><span class=\"vcard rich-snippet-hidden\"><span class=\"fn\"><a href=\"https:\/\/hull.de\/luebbecke\/author\/torben\/\" title=\"Beitr\u00e4ge von torben\" rel=\"author\">torben<\/a><\/span><\/span><span class=\"updated rich-snippet-hidden\">2022-02-17T13:52:09+01:00<\/span><div  class=\"fusion-image-wrapper\" aria-haspopup=\"true\">\n\t\t\t\t<img decoding=\"async\" width=\"975\" height=\"1625\" src=\"https:\/\/hull.de\/luebbecke\/wp-content\/uploads\/sites\/9\/2022\/01\/LegendaererAbschlussball.jpg\" class=\"attachment-full size-full wp-post-image\" alt=\"\" srcset=\"https:\/\/hull.de\/luebbecke\/wp-content\/uploads\/sites\/9\/2022\/01\/LegendaererAbschlussball-200x333.jpg 200w, https:\/\/hull.de\/luebbecke\/wp-content\/uploads\/sites\/9\/2022\/01\/LegendaererAbschlussball-400x667.jpg 400w, https:\/\/hull.de\/luebbecke\/wp-content\/uploads\/sites\/9\/2022\/01\/LegendaererAbschlussball-600x1000.jpg 600w, https:\/\/hull.de\/luebbecke\/wp-content\/uploads\/sites\/9\/2022\/01\/LegendaererAbschlussball-800x1333.jpg 800w, https:\/\/hull.de\/luebbecke\/wp-content\/uploads\/sites\/9\/2022\/01\/LegendaererAbschlussball.jpg 975w\" sizes=\"(min-width: 2200px) 100vw, (min-width: 1216px) 293px, (min-width: 1024px) 390px, (min-width: 832px) 585px, (min-width: 640px) 832px, \" \/><div class=\"fusion-rollover\">\n\t<div class=\"fusion-rollover-content\">\n\n\t\t\t\t\n\t\t\n\t\t\t\t\t\t\t\t\t\t\t\t<h4 class=\"fusion-rollover-title\">\n\t\t\t\t\t<a class=\"fusion-rollover-title-link\" href=\"\/luebbecke\/abschlussball\">\n\t\t\t\t\t\tDer legend\u00e4re Abschlussball\t\t\t\t\t<\/a>\n\t\t\t\t<\/h4>\n\t\t\t\n\t\t\t\t\t\t\t\t\n\t\t\n\t\t\t\t\t\t<a class=\"fusion-link-wrapper\" href=\"\/luebbecke\/abschlussball\" aria-label=\"Der legend\u00e4re Abschlussball\"><\/a>\n\t<\/div>\n<\/div>\n<\/div>\n<\/div><\/article><article id=\"portfolio-1-post-14513\" class=\"fusion-portfolio-post schuelerkurse fusion-col-spacing post-14513\"><div class=\"fusion-portfolio-content-wrapper\" style=\"border:none;\"><span class=\"entry-title rich-snippet-hidden\">Aufbaukurse f\u00fcr Sch\u00fcler*innen<\/span><span class=\"vcard rich-snippet-hidden\"><span class=\"fn\"><a href=\"https:\/\/hull.de\/luebbecke\/author\/torben\/\" title=\"Beitr\u00e4ge von torben\" rel=\"author\">torben<\/a><\/span><\/span><span class=\"updated rich-snippet-hidden\">2022-02-17T13:51:37+01:00<\/span><div  class=\"fusion-image-wrapper\" aria-haspopup=\"true\">\n\t\t\t\t<img decoding=\"async\" width=\"975\" height=\"1625\" src=\"https:\/\/hull.de\/luebbecke\/wp-content\/uploads\/sites\/9\/2022\/01\/Schuelertanzzirkel.jpg\" class=\"attachment-full size-full wp-post-image\" alt=\"\" srcset=\"https:\/\/hull.de\/luebbecke\/wp-content\/uploads\/sites\/9\/2022\/01\/Schuelertanzzirkel-200x333.jpg 200w, https:\/\/hull.de\/luebbecke\/wp-content\/uploads\/sites\/9\/2022\/01\/Schuelertanzzirkel-400x667.jpg 400w, https:\/\/hull.de\/luebbecke\/wp-content\/uploads\/sites\/9\/2022\/01\/Schuelertanzzirkel-600x1000.jpg 600w, https:\/\/hull.de\/luebbecke\/wp-content\/uploads\/sites\/9\/2022\/01\/Schuelertanzzirkel-800x1333.jpg 800w, https:\/\/hull.de\/luebbecke\/wp-content\/uploads\/sites\/9\/2022\/01\/Schuelertanzzirkel.jpg 975w\" sizes=\"(min-width: 2200px) 100vw, (min-width: 1216px) 293px, (min-width: 1024px) 390px, (min-width: 832px) 585px, (min-width: 640px) 832px, \" \/><div class=\"fusion-rollover\">\n\t<div class=\"fusion-rollover-content\">\n\n\t\t\t\t\n\t\t\n\t\t\t\t\t\t\t\t\t\t\t\t<h4 class=\"fusion-rollover-title\">\n\t\t\t\t\t<a class=\"fusion-rollover-title-link\" href=\"\/luebbecke\/aufbaukurse-fuer-schuelerinnen\/\">\n\t\t\t\t\t\tAufbaukurse f\u00fcr Sch\u00fcler*innen\t\t\t\t\t<\/a>\n\t\t\t\t<\/h4>\n\t\t\t\n\t\t\t\t\t\t\t\t\n\t\t\n\t\t\t\t\t\t<a class=\"fusion-link-wrapper\" href=\"\/luebbecke\/aufbaukurse-fuer-schuelerinnen\/\" aria-label=\"Aufbaukurse f\u00fcr Sch\u00fcler*innen\"><\/a>\n\t<\/div>\n<\/div>\n<\/div>\n<\/div><\/article><article id=\"portfolio-1-post-15626\" class=\"fusion-portfolio-post schuelerkurse fusion-col-spacing post-15626\"><div class=\"fusion-portfolio-content-wrapper\" style=\"border:none;\"><span class=\"entry-title rich-snippet-hidden\">Instagram<\/span><span class=\"vcard rich-snippet-hidden\"><span class=\"fn\"><a href=\"https:\/\/hull.de\/luebbecke\/author\/torben\/\" title=\"Beitr\u00e4ge von torben\" rel=\"author\">torben<\/a><\/span><\/span><span class=\"updated rich-snippet-hidden\">2022-02-17T14:13:47+01:00<\/span><div  class=\"fusion-image-wrapper\" aria-haspopup=\"true\">\n\t\t\t\t<img decoding=\"async\" width=\"975\" height=\"1625\" src=\"https:\/\/hull.de\/luebbecke\/wp-content\/uploads\/sites\/9\/2022\/02\/Instagram-Fueller_pink.jpg\" class=\"attachment-full size-full wp-post-image\" alt=\"\" srcset=\"https:\/\/hull.de\/luebbecke\/wp-content\/uploads\/sites\/9\/2022\/02\/Instagram-Fueller_pink-200x333.jpg 200w, https:\/\/hull.de\/luebbecke\/wp-content\/uploads\/sites\/9\/2022\/02\/Instagram-Fueller_pink-400x667.jpg 400w, https:\/\/hull.de\/luebbecke\/wp-content\/uploads\/sites\/9\/2022\/02\/Instagram-Fueller_pink-600x1000.jpg 600w, https:\/\/hull.de\/luebbecke\/wp-content\/uploads\/sites\/9\/2022\/02\/Instagram-Fueller_pink-800x1333.jpg 800w, https:\/\/hull.de\/luebbecke\/wp-content\/uploads\/sites\/9\/2022\/02\/Instagram-Fueller_pink.jpg 975w\" sizes=\"(min-width: 2200px) 100vw, (min-width: 1216px) 293px, (min-width: 1024px) 390px, (min-width: 832px) 585px, (min-width: 640px) 832px, \" \/><div class=\"fusion-rollover\">\n\t<div class=\"fusion-rollover-content\">\n\n\t\t\t\t\n\t\t\n\t\t\t\t\t\t\t\t\t\t\t\t<h4 class=\"fusion-rollover-title\">\n\t\t\t\t\t<a class=\"fusion-rollover-title-link\" href=\"https:\/\/www.instagram.com\/teamhull_luebbecke\/?hl=de\">\n\t\t\t\t\t\tInstagram\t\t\t\t\t<\/a>\n\t\t\t\t<\/h4>\n\t\t\t\n\t\t\t\t\t\t\t\t\n\t\t\n\t\t\t\t\t\t<a class=\"fusion-link-wrapper\" href=\"https:\/\/www.instagram.com\/teamhull_luebbecke\/?hl=de\" aria-label=\"Instagram\"><\/a>\n\t<\/div>\n<\/div>\n<\/div>\n<\/div><\/article><\/div><\/div><\/div><\/div><\/div><\/div><div class=\"fusion-fullwidth fullwidth-box fusion-builder-row-4 fusion-flex-container hundred-percent-fullwidth non-hundred-percent-height-scrolling\" style=\"--awb-background-position:left top;--awb-border-sizes-top:0px;--awb-border-sizes-bottom:0px;--awb-border-sizes-left:0px;--awb-border-sizes-right:0px;--awb-border-radius-top-left:0px;--awb-border-radius-top-right:0px;--awb-border-radius-bottom-right:0px;--awb-border-radius-bottom-left:0px;--awb-padding-top:3%;--awb-padding-bottom:3%;--awb-background-image:linear-gradient(180deg, #f7f7f7 0%,#ffffff 75%);--awb-flex-wrap:wrap;\" ><div class=\"fusion-builder-row fusion-row fusion-flex-align-items-flex-start fusion-flex-justify-content-center fusion-flex-content-wrap\" style=\"width:calc( 100% + 0px ) !important;max-width:calc( 100% + 0px ) !important;margin-left: calc(-0px \/ 2 );margin-right: calc(-0px \/ 2 );\"><div class=\"fusion-layout-column fusion_builder_column fusion-builder-column-3 fusion_builder_column_1_1 1_1 fusion-flex-column fusion-animated\" style=\"--awb-bg-blend:overlay;--awb-bg-size:cover;--awb-width-large:100%;--awb-margin-top-large:60px;--awb-spacing-right-large:calc( 0.02 * calc( 100% - 0px ) );--awb-margin-bottom-large:7px;--awb-spacing-left-large:calc( 0.02 * calc( 100% - 0px ) );--awb-width-medium:100%;--awb-spacing-right-medium:0px;--awb-spacing-left-medium:0px;--awb-width-small:100%;--awb-spacing-right-small:0px;--awb-spacing-left-small:0px;\" data-animationType=\"fadeInDown\" data-animationDuration=\"1.0\" data-animationOffset=\"top-into-view\"><div class=\"fusion-column-wrapper fusion-flex-justify-content-flex-start fusion-content-layout-column\"><div class=\"fusion-title title fusion-title-2 fusion-sep-none fusion-title-center fusion-title-text fusion-title-size-two\" style=\"--awb-margin-top:15px;--awb-font-size:90px;\"><h2 class=\"fusion-title-heading title-heading-center fusion-responsive-typography-calculated\" style=\"margin:0;font-size:1em;--fontSize:90;line-height:1;\">\n<div id=\"sb_instagram\"  class=\"sbi sbi_mob_col_1 sbi_tab_col_2 sbi_col_4 sbi_width_resp\" style=\"padding-bottom: 10px;width: 100%;\" data-feedid=\"*1\"  data-res=\"auto\" data-cols=\"4\" data-colsmobile=\"1\" data-colstablet=\"2\" data-num=\"4\" data-nummobile=\"\" data-item-padding=\"5\" data-shortcode-atts=\"{}\"  data-postid=\"15626\" data-locatornonce=\"d727d15256\" data-imageaspectratio=\"1:1\" data-sbi-flags=\"favorLocal,gdpr\">\n\t\n    <div id=\"sbi_images\"  style=\"gap: 10px;\">\n\t\t    <\/div>\n\n\t<div id=\"sbi_load\" >\n\n\t\n\t\n<\/div>\n\n\t    <span class=\"sbi_resized_image_data\" data-feed-id=\"*1\" data-resized=\"[]\">\n\t<\/span>\n\t<\/div>\n\n<\/h2><\/div><\/div><\/div><\/div><\/div><\/p>\n","protected":false},"excerpt":{"rendered":"","protected":false},"author":1,"featured_media":0,"parent":0,"menu_order":0,"comment_status":"closed","ping_status":"closed","template":"100-width.php","meta":{"footnotes":"","_links_to":"","_links_to_target":""},"class_list":["post-9970","page","type-page","status-publish","hentry"],"yoast_head":"<!-- This site is optimized with the Yoast SEO plugin v24.9 - https:\/\/yoast.com\/wordpress\/plugins\/seo\/ -->\n<title>Sch\u00fclerkurse - Hull L\u00fcbbecke<\/title>\n<meta name=\"robots\" content=\"index, follow, max-snippet:-1, max-image-preview:large, max-video-preview:-1\" \/>\n<link rel=\"canonical\" href=\"https:\/\/hull.de\/luebbecke\/schuelerkurse\/\" \/>\n<meta property=\"og:locale\" content=\"de_DE\" \/>\n<meta property=\"og:type\" content=\"article\" \/>\n<meta property=\"og:title\" content=\"Sch\u00fclerkurse - Hull L\u00fcbbecke\" \/>\n<meta property=\"og:url\" content=\"https:\/\/hull.de\/luebbecke\/schuelerkurse\/\" \/>\n<meta property=\"og:site_name\" content=\"Hull L\u00fcbbecke\" \/>\n<meta property=\"article:modified_time\" content=\"2022-01-26T11:12:53+00:00\" \/>\n<meta name=\"twitter:card\" content=\"summary_large_image\" \/>\n<meta name=\"twitter:label1\" content=\"Gesch\u00e4tzte Lesezeit\" \/>\n\t<meta name=\"twitter:data1\" content=\"8\u00a0Minuten\" \/>\n<script type=\"application\/ld+json\" class=\"yoast-schema-graph\">{\"@context\":\"https:\/\/schema.org\",\"@graph\":[{\"@type\":\"WebPage\",\"@id\":\"https:\/\/hull.de\/luebbecke\/schuelerkurse\/\",\"url\":\"https:\/\/hull.de\/luebbecke\/schuelerkurse\/\",\"name\":\"Sch\u00fclerkurse - Hull L\u00fcbbecke\",\"isPartOf\":{\"@id\":\"https:\/\/hull.de\/luebbecke\/#website\"},\"datePublished\":\"2022-01-04T16:13:46+00:00\",\"dateModified\":\"2022-01-26T11:12:53+00:00\",\"breadcrumb\":{\"@id\":\"https:\/\/hull.de\/luebbecke\/schuelerkurse\/#breadcrumb\"},\"inLanguage\":\"de\",\"potentialAction\":[{\"@type\":\"ReadAction\",\"target\":[\"https:\/\/hull.de\/luebbecke\/schuelerkurse\/\"]}]},{\"@type\":\"BreadcrumbList\",\"@id\":\"https:\/\/hull.de\/luebbecke\/schuelerkurse\/#breadcrumb\",\"itemListElement\":[{\"@type\":\"ListItem\",\"position\":1,\"name\":\"Startseite\",\"item\":\"https:\/\/hull.de\/luebbecke\/\"},{\"@type\":\"ListItem\",\"position\":2,\"name\":\"Sch\u00fclerkurse\"}]},{\"@type\":\"WebSite\",\"@id\":\"https:\/\/hull.de\/luebbecke\/#website\",\"url\":\"https:\/\/hull.de\/luebbecke\/\",\"name\":\"Hull L\u00fcbbecke\",\"description\":\"\",\"potentialAction\":[{\"@type\":\"SearchAction\",\"target\":{\"@type\":\"EntryPoint\",\"urlTemplate\":\"https:\/\/hull.de\/luebbecke\/?s={search_term_string}\"},\"query-input\":{\"@type\":\"PropertyValueSpecification\",\"valueRequired\":true,\"valueName\":\"search_term_string\"}}],\"inLanguage\":\"de\"}]}<\/script>\n<!-- \/ Yoast SEO plugin. -->","yoast_head_json":{"title":"Sch\u00fclerkurse - Hull L\u00fcbbecke","robots":{"index":"index","follow":"follow","max-snippet":"max-snippet:-1","max-image-preview":"max-image-preview:large","max-video-preview":"max-video-preview:-1"},"canonical":"https:\/\/hull.de\/luebbecke\/schuelerkurse\/","og_locale":"de_DE","og_type":"article","og_title":"Sch\u00fclerkurse - Hull L\u00fcbbecke","og_url":"https:\/\/hull.de\/luebbecke\/schuelerkurse\/","og_site_name":"Hull L\u00fcbbecke","article_modified_time":"2022-01-26T11:12:53+00:00","twitter_card":"summary_large_image","twitter_misc":{"Gesch\u00e4tzte Lesezeit":"8\u00a0Minuten"},"schema":{"@context":"https:\/\/schema.org","@graph":[{"@type":"WebPage","@id":"https:\/\/hull.de\/luebbecke\/schuelerkurse\/","url":"https:\/\/hull.de\/luebbecke\/schuelerkurse\/","name":"Sch\u00fclerkurse - Hull L\u00fcbbecke","isPartOf":{"@id":"https:\/\/hull.de\/luebbecke\/#website"},"datePublished":"2022-01-04T16:13:46+00:00","dateModified":"2022-01-26T11:12:53+00:00","breadcrumb":{"@id":"https:\/\/hull.de\/luebbecke\/schuelerkurse\/#breadcrumb"},"inLanguage":"de","potentialAction":[{"@type":"ReadAction","target":["https:\/\/hull.de\/luebbecke\/schuelerkurse\/"]}]},{"@type":"BreadcrumbList","@id":"https:\/\/hull.de\/luebbecke\/schuelerkurse\/#breadcrumb","itemListElement":[{"@type":"ListItem","position":1,"name":"Startseite","item":"https:\/\/hull.de\/luebbecke\/"},{"@type":"ListItem","position":2,"name":"Sch\u00fclerkurse"}]},{"@type":"WebSite","@id":"https:\/\/hull.de\/luebbecke\/#website","url":"https:\/\/hull.de\/luebbecke\/","name":"Hull L\u00fcbbecke","description":"","potentialAction":[{"@type":"SearchAction","target":{"@type":"EntryPoint","urlTemplate":"https:\/\/hull.de\/luebbecke\/?s={search_term_string}"},"query-input":{"@type":"PropertyValueSpecification","valueRequired":true,"valueName":"search_term_string"}}],"inLanguage":"de"}]}},"_links":{"self":[{"href":"https:\/\/hull.de\/luebbecke\/wp-json\/wp\/v2\/pages\/9970","targetHints":{"allow":["GET"]}}],"collection":[{"href":"https:\/\/hull.de\/luebbecke\/wp-json\/wp\/v2\/pages"}],"about":[{"href":"https:\/\/hull.de\/luebbecke\/wp-json\/wp\/v2\/types\/page"}],"author":[{"embeddable":true,"href":"https:\/\/hull.de\/luebbecke\/wp-json\/wp\/v2\/users\/1"}],"replies":[{"embeddable":true,"href":"https:\/\/hull.de\/luebbecke\/wp-json\/wp\/v2\/comments?post=9970"}],"version-history":[{"count":10,"href":"https:\/\/hull.de\/luebbecke\/wp-json\/wp\/v2\/pages\/9970\/revisions"}],"predecessor-version":[{"id":15105,"href":"https:\/\/hull.de\/luebbecke\/wp-json\/wp\/v2\/pages\/9970\/revisions\/15105"}],"wp:attachment":[{"href":"https:\/\/hull.de\/luebbecke\/wp-json\/wp\/v2\/media?parent=9970"}],"curies":[{"name":"wp","href":"https:\/\/api.w.org\/{rel}","templated":true}]}}