{"id":14764,"date":"2022-01-05T13:38:42","date_gmt":"2022-01-05T12:38:42","guid":{"rendered":"http:\/\/hull.de\/osnabrueck\/?page_id=14764"},"modified":"2025-08-20T11:27:34","modified_gmt":"2025-08-20T09:27:34","slug":"kindergeburstage","status":"publish","type":"page","link":"https:\/\/hull.de\/osnabrueck\/kindergeburstage\/","title":{"rendered":"Kindergeburstage"},"content":{"rendered":"<p><div class=\"fusion-fullwidth fullwidth-box fusion-builder-row-1 fusion-flex-container fusion-parallax-none nonhundred-percent-fullwidth non-hundred-percent-height-scrolling\" style=\"--awb-border-radius-top-left:0px;--awb-border-radius-top-right:0px;--awb-border-radius-bottom-right:0px;--awb-border-radius-bottom-left:0px;--awb-min-height:350px;--awb-background-image:url(&quot;https:\/\/hull.de\/osnabrueck\/wp-content\/uploads\/sites\/2\/2022\/01\/Solotanz_Kindertanzen.jpg&quot;);--awb-background-size:cover;--awb-flex-wrap:wrap;\" ><div class=\"fusion-builder-row fusion-row fusion-flex-align-items-center fusion-flex-content-wrap\" style=\"max-width:1216.8px;margin-left: calc(-4% \/ 2 );margin-right: calc(-4% \/ 2 );\"><div class=\"fusion-layout-column fusion_builder_column fusion-builder-column-0 fusion_builder_column_1_1 1_1 fusion-flex-column\" style=\"--awb-bg-size:cover;--awb-width-large:100%;--awb-margin-top-large:15px;--awb-spacing-right-large:1.92%;--awb-margin-bottom-large:15px;--awb-spacing-left-large:1.92%;--awb-width-medium:100%;--awb-order-medium:0;--awb-spacing-right-medium:1.92%;--awb-spacing-left-medium:1.92%;--awb-width-small:100%;--awb-order-small:0;--awb-spacing-right-small:1.92%;--awb-spacing-left-small:1.92%;\"><div class=\"fusion-column-wrapper fusion-column-has-shadow fusion-flex-justify-content-flex-start fusion-content-layout-column\"><div class=\"fusion-title title fusion-title-1 fusion-sep-none fusion-title-text fusion-title-size-one\" style=\"--awb-text-color:#ffffff;\"><h1 class=\"fusion-title-heading title-heading-left fusion-responsive-typography-calculated\" style=\"margin:0;--fontSize:90;line-height:1;\">Kindergeburtstage<\/h1><\/div><\/div><\/div><\/div><\/div><div class=\"fusion-fullwidth fullwidth-box fusion-builder-row-2 fusion-flex-container nonhundred-percent-fullwidth non-hundred-percent-height-scrolling\" style=\"--awb-background-position:left top;--awb-border-sizes-top:0px;--awb-border-sizes-bottom:0px;--awb-border-sizes-left:0px;--awb-border-sizes-right:0px;--awb-border-radius-top-left:0px;--awb-border-radius-top-right:0px;--awb-border-radius-bottom-right:0px;--awb-border-radius-bottom-left:0px;--awb-padding-top:3%;--awb-padding-bottom:3%;--awb-background-image:linear-gradient(180deg, #f7f7f7 0%,#ffffff 75%);--awb-flex-wrap:wrap;\" ><div class=\"fusion-builder-row fusion-row fusion-flex-align-items-flex-start fusion-flex-justify-content-center fusion-flex-content-wrap\" style=\"max-width:calc( 1170px + 0px );margin-left: calc(-0px \/ 2 );margin-right: calc(-0px \/ 2 );\"><div class=\"fusion-layout-column fusion_builder_column fusion-builder-column-1 fusion_builder_column_1_1 1_1 fusion-flex-column fusion-animated\" style=\"--awb-bg-blend:overlay;--awb-bg-size:cover;--awb-width-large:100%;--awb-margin-top-large:0px;--awb-spacing-right-large:0px;--awb-margin-bottom-large:0px;--awb-spacing-left-large:0px;--awb-width-medium:100%;--awb-spacing-right-medium:0px;--awb-spacing-left-medium:0px;--awb-width-small:100%;--awb-spacing-right-small:0px;--awb-spacing-left-small:0px;\" data-animationType=\"fadeInDown\" data-animationDuration=\"1.0\" data-animationOffset=\"top-into-view\"><div class=\"fusion-column-wrapper fusion-flex-justify-content-flex-start fusion-content-layout-column\"><div class=\"fusion-text fusion-text-1\" style=\"--awb-text-transform:none;\"><p>Kindergeburtstage geh\u00f6ren zu den Ereignissen, an die man sich auch als Erwachsener noch gern erinnert. Und im Teenageralter bekommen Geburtstagsfeiern, als die ersten Partys, die man als junger Mensch selbst mitgestaltet, noch mal eine ganz neue Dimension. Ob es der eigene Geburtstag ist, oder die Geburtstagsfeier einer Freundin oder eines Freundes, viele Kinder und Teenager freuen sich schon Wochen vorher auf diesen besonderen Tag.<\/p>\n<p>Feiern und Tanzen geh\u00f6ren f\u00fcr uns einfach zusammen! Unser professionelles und freundliches Team sorgt daf\u00fcr, dass jeder Kindergeburtstag ein unvergessliches Erlebnis wird. Sie werden sehen, wie viel Spa\u00df die kleineren Kinder beim kindgerechten Breakdance- und Hip-Hop-Tanzen und beim gemeinsamen Spielen und Toben haben \u2013 und wie begeistert Jugendliche beim Tanzunterricht mitmachen! Eine Geburtstagsfeier in der Tanzschule Hull ist die Garantie f\u00fcr eine gelungene Party mit ganz vielen sch\u00f6nen Erinnerungen.<\/p>\n<p>Wir gestalten einen ganz besonderen Kindergeburtstag! Wir gestalten eine eigene Choreografie zu dem Lieblingslied des Geburtstagskindes.<\/p>\n<p>Wir tanzen zusammen, spielen Spiele und vielleicht kommt auch der Hull Hase vorbei! Essen und Getr\u00e4nke k\u00f6nnen mitgebracht werden!<\/p>\n<p>2 Stunden Spiel und Spa\u00df, bis zu 20 Kindern ab 150,00 \u20ac \/ Hull Hase gegen Aufpreis<\/p>\n<\/div><\/div><\/div><\/div><\/div><div class=\"fusion-fullwidth fullwidth-box fusion-builder-row-3 fusion-flex-container nonhundred-percent-fullwidth non-hundred-percent-height-scrolling\" style=\"--awb-background-position:left top;--awb-border-sizes-top:0px;--awb-border-sizes-bottom:0px;--awb-border-sizes-left:0px;--awb-border-sizes-right:0px;--awb-border-radius-top-left:0px;--awb-border-radius-top-right:0px;--awb-border-radius-bottom-right:0px;--awb-border-radius-bottom-left:0px;--awb-padding-top:3%;--awb-padding-bottom:3%;--awb-background-image:linear-gradient(180deg, #f7f7f7 0%,#ffffff 75%);--awb-flex-wrap:wrap;\" ><div class=\"fusion-builder-row fusion-row fusion-flex-align-items-flex-start fusion-flex-justify-content-center fusion-flex-content-wrap\" style=\"max-width:calc( 1170px + 0px );margin-left: calc(-0px \/ 2 );margin-right: calc(-0px \/ 2 );\"><div class=\"fusion-layout-column fusion_builder_column fusion-builder-column-2 fusion_builder_column_1_1 1_1 fusion-flex-column fusion-animated\" style=\"--awb-bg-blend:overlay;--awb-bg-size:cover;--awb-width-large:100%;--awb-margin-top-large:60px;--awb-spacing-right-large:calc( 0.02 * calc( 100% - 0px ) );--awb-margin-bottom-large:7px;--awb-spacing-left-large:calc( 0.02 * calc( 100% - 0px ) );--awb-width-medium:100%;--awb-spacing-right-medium:0px;--awb-spacing-left-medium:0px;--awb-width-small:100%;--awb-spacing-right-small:0px;--awb-spacing-left-small:0px;\" data-animationType=\"fadeInDown\" data-animationDuration=\"1.0\" data-animationOffset=\"top-into-view\"><div class=\"fusion-column-wrapper fusion-flex-justify-content-flex-start fusion-content-layout-column\"><div class=\"fusion-title title fusion-title-2 fusion-sep-none fusion-title-text fusion-title-size-two\" style=\"--awb-margin-bottom:80px;\"><h2 class=\"fusion-title-heading title-heading-left fusion-responsive-typography-calculated\" style=\"margin:0;--fontSize:90;line-height:1;\">Kindergeburtstag anfragen<\/h2><\/div>\n<div class=\"wpcf7 no-js\" id=\"wpcf7-f14773-o1\" lang=\"de-DE\" dir=\"ltr\">\n<div class=\"screen-reader-response\"><p role=\"status\" aria-live=\"polite\" aria-atomic=\"true\"><\/p> <ul><\/ul><\/div>\n<form action=\"\/osnabrueck\/wp-json\/wp\/v2\/pages\/14764#wpcf7-f14773-o1\" method=\"post\" class=\"wpcf7-form init\" aria-label=\"Kontaktformular\" novalidate=\"novalidate\" data-status=\"init\">\n<div style=\"display: none;\">\n<input type=\"hidden\" name=\"_wpcf7\" value=\"14773\" \/>\n<input type=\"hidden\" name=\"_wpcf7_version\" value=\"5.9.2\" \/>\n<input type=\"hidden\" name=\"_wpcf7_locale\" value=\"de_DE\" \/>\n<input type=\"hidden\" name=\"_wpcf7_unit_tag\" value=\"wpcf7-f14773-o1\" \/>\n<input type=\"hidden\" name=\"_wpcf7_container_post\" value=\"0\" \/>\n<input type=\"hidden\" name=\"_wpcf7_posted_data_hash\" value=\"\" \/>\n<\/div>\n<p>Wunschdatum ausw\u00e4hlen: <span class=\"wpcf7-form-control-wrap\" data-name=\"date-83\"><input class=\"wpcf7-form-control wpcf7-date wpcf7-validates-as-required wpcf7-validates-as-date\" aria-required=\"true\" aria-invalid=\"false\" value=\"\" type=\"date\" name=\"date-83\" \/><\/span>\n<\/p>\n<p>Ansprechpartner: <span class=\"wpcf7-form-control-wrap\" data-name=\"your-name\"><input size=\"40\" class=\"wpcf7-form-control wpcf7-text wpcf7-validates-as-required\" aria-required=\"true\" aria-invalid=\"false\" placeholder=\"Dein Name (Pflichtfeld)\" value=\"\" type=\"text\" name=\"your-name\" \/><\/span>\n<\/p>\n<p>Deine E-Mail-Adresse: <span class=\"wpcf7-form-control-wrap\" data-name=\"your-email\"><input size=\"40\" class=\"wpcf7-form-control wpcf7-email wpcf7-validates-as-required wpcf7-text wpcf7-validates-as-email\" aria-required=\"true\" aria-invalid=\"false\" placeholder=\"Deine E-Mail-Adresse (Pflichtfeld)\" value=\"\" type=\"email\" name=\"your-email\" \/><\/span>\n<\/p>\n<p>Deine Telefonnummer: <span class=\"wpcf7-form-control-wrap\" data-name=\"Telefon\"><input size=\"40\" class=\"wpcf7-form-control wpcf7-text wpcf7-validates-as-required\" aria-required=\"true\" aria-invalid=\"false\" placeholder=\"Telefonnummer (Pflichtfeld)\" value=\"\" type=\"text\" name=\"Telefon\" \/><\/span>\n<\/p>\n<p>Deine Adresse: <span class=\"wpcf7-form-control-wrap\" data-name=\"Deine\"><input size=\"40\" class=\"wpcf7-form-control wpcf7-text wpcf7-validates-as-required\" aria-required=\"true\" aria-invalid=\"false\" placeholder=\"Rechnungsadresse\" value=\"\" type=\"text\" name=\"Deine\" \/><\/span>\n<\/p>\n<p>Geburtstagkind: <span class=\"wpcf7-form-control-wrap\" data-name=\"your-name\"><input size=\"40\" class=\"wpcf7-form-control wpcf7-text wpcf7-validates-as-required\" aria-required=\"true\" aria-invalid=\"false\" placeholder=\"Name (Pflichtfeld)\" value=\"\" type=\"text\" name=\"your-name\" \/><\/span>\n<\/p>\n<p>Geburtsdatum: <span class=\"wpcf7-form-control-wrap\" data-name=\"Geburtsdatum\"><input size=\"40\" class=\"wpcf7-form-control wpcf7-text wpcf7-validates-as-required\" aria-required=\"true\" aria-invalid=\"false\" placeholder=\"Geburtsdatum (Plfichtfled)\" value=\"\" type=\"text\" name=\"Geburtsdatum\" \/><\/span>\n<\/p>\n<p>Anzahl der Kinder: <span class=\"wpcf7-form-control-wrap\" data-name=\"number-802\"><input class=\"wpcf7-form-control wpcf7-number wpcf7-validates-as-required wpcf7-validates-as-number\" aria-required=\"true\" aria-invalid=\"false\" value=\"\" type=\"number\" name=\"number-802\" \/><\/span>\n<\/p>\n<p>Altersklasse: <span class=\"wpcf7-form-control-wrap\" data-name=\"Alterklasse\"><input size=\"40\" class=\"wpcf7-form-control wpcf7-text wpcf7-validates-as-required\" aria-required=\"true\" aria-invalid=\"false\" placeholder=\"Wie alt sind die Kinder?\" value=\"\" type=\"text\" name=\"Alterklasse\" \/><\/span>\n<\/p>\n<p>Standort: <span class=\"wpcf7-form-control-wrap\" data-name=\"Standort\"><select class=\"wpcf7-form-control wpcf7-select wpcf7-validates-as-required\" aria-required=\"true\" aria-invalid=\"false\" name=\"Standort\"><option value=\"Tanzschule Osnabr\u00fcck\">Tanzschule Osnabr\u00fcck<\/option><option value=\"Tanzschule L\u00fcbbecke\">Tanzschule L\u00fcbbecke<\/option><option value=\"Zuhause\">Zuhause<\/option><\/select><\/span>\n<\/p>\n<p>Unterrichtswunsch: <span class=\"wpcf7-form-control-wrap\" data-name=\"Unterrichtswunsch\"><input size=\"40\" class=\"wpcf7-form-control wpcf7-text wpcf7-validates-as-required\" aria-required=\"true\" aria-invalid=\"false\" placeholder=\"Was soll unterrichtet werden?\" value=\"\" type=\"text\" name=\"Unterrichtswunsch\" \/><\/span>\n<\/p>\n<p>Anmerkungen: <span class=\"wpcf7-form-control-wrap\" data-name=\"Anmerkungen\"><textarea cols=\"40\" rows=\"10\" class=\"wpcf7-form-control wpcf7-textarea\" aria-invalid=\"false\" placeholder=\"Willst du uns noch etwas mitteilen?\" name=\"Anmerkungen\"><\/textarea><\/span>\n<\/p>\n<p><span class=\"wpcf7-form-control-wrap\" data-name=\"acceptance-267\"><span class=\"wpcf7-form-control wpcf7-acceptance\"><span class=\"wpcf7-list-item\"><label><input type=\"checkbox\" name=\"acceptance-267\" value=\"1\" aria-invalid=\"false\" \/><span class=\"wpcf7-list-item-label\">Mit der Nutzung dieses Formulars erkl\u00e4rst du dich mit der Speicherung und Verarbeitung deiner Daten durch diese Website einverstanden.<\/span><\/label><\/span><\/span><\/span>\n<\/p>\n<p><input class=\"wpcf7-form-control wpcf7-submit has-spinner\" type=\"submit\" value=\"Absenden\" \/>\n<\/p><input type='hidden' class='wpcf7-pum' value='{\"closepopup\":false,\"closedelay\":0,\"openpopup\":false,\"openpopup_id\":0}' \/><div class=\"fusion-alert alert custom alert-custom fusion-alert-center wpcf7-response-output fusion-alert-capitalize awb-alert-native-link-color alert-dismissable awb-alert-close-boxed\" style=\"--awb-border-top-left-radius:0px;--awb-border-top-right-radius:0px;--awb-border-bottom-left-radius:0px;--awb-border-bottom-right-radius:0px;\" role=\"alert\"><div class=\"fusion-alert-content-wrapper\"><span class=\"fusion-alert-content\"><\/span><\/div><button type=\"button\" class=\"close toggle-alert\" data-dismiss=\"alert\" aria-label=\"Close\">&times;<\/button><\/div>\n<\/form>\n<\/div>\n<\/div><\/div><\/div><\/div><\/p>\n","protected":false},"excerpt":{"rendered":"","protected":false},"author":1,"featured_media":0,"parent":0,"menu_order":0,"comment_status":"closed","ping_status":"closed","template":"100-width.php","meta":{"footnotes":"","_links_to":"","_links_to_target":""},"class_list":["post-14764","page","type-page","status-publish","hentry"],"yoast_head":"<!-- This site is optimized with the Yoast SEO plugin v24.9 - https:\/\/yoast.com\/wordpress\/plugins\/seo\/ -->\n<title>Kindergeburstage - Hull Osnabr\u00fcck<\/title>\n<meta name=\"robots\" content=\"index, follow, max-snippet:-1, max-image-preview:large, max-video-preview:-1\" \/>\n<link rel=\"canonical\" href=\"https:\/\/hull.de\/osnabrueck\/kindergeburstage\/\" \/>\n<meta property=\"og:locale\" content=\"de_DE\" \/>\n<meta property=\"og:type\" content=\"article\" \/>\n<meta property=\"og:title\" content=\"Kindergeburstage - Hull Osnabr\u00fcck\" \/>\n<meta property=\"og:url\" content=\"https:\/\/hull.de\/osnabrueck\/kindergeburstage\/\" \/>\n<meta property=\"og:site_name\" content=\"Hull Osnabr\u00fcck\" \/>\n<meta property=\"article:modified_time\" content=\"2025-08-20T09:27:34+00:00\" \/>\n<meta name=\"twitter:card\" content=\"summary_large_image\" \/>\n<meta name=\"twitter:label1\" content=\"Gesch\u00e4tzte Lesezeit\" \/>\n\t<meta name=\"twitter:data1\" content=\"7\u00a0Minuten\" \/>\n<script type=\"application\/ld+json\" class=\"yoast-schema-graph\">{\"@context\":\"https:\/\/schema.org\",\"@graph\":[{\"@type\":\"WebPage\",\"@id\":\"https:\/\/hull.de\/osnabrueck\/kindergeburstage\/\",\"url\":\"https:\/\/hull.de\/osnabrueck\/kindergeburstage\/\",\"name\":\"Kindergeburstage - Hull Osnabr\u00fcck\",\"isPartOf\":{\"@id\":\"https:\/\/hull.de\/osnabrueck\/#website\"},\"datePublished\":\"2022-01-05T12:38:42+00:00\",\"dateModified\":\"2025-08-20T09:27:34+00:00\",\"breadcrumb\":{\"@id\":\"https:\/\/hull.de\/osnabrueck\/kindergeburstage\/#breadcrumb\"},\"inLanguage\":\"de\",\"potentialAction\":[{\"@type\":\"ReadAction\",\"target\":[\"https:\/\/hull.de\/osnabrueck\/kindergeburstage\/\"]}]},{\"@type\":\"BreadcrumbList\",\"@id\":\"https:\/\/hull.de\/osnabrueck\/kindergeburstage\/#breadcrumb\",\"itemListElement\":[{\"@type\":\"ListItem\",\"position\":1,\"name\":\"Startseite\",\"item\":\"https:\/\/hull.de\/osnabrueck\/\"},{\"@type\":\"ListItem\",\"position\":2,\"name\":\"Kindergeburstage\"}]},{\"@type\":\"WebSite\",\"@id\":\"https:\/\/hull.de\/osnabrueck\/#website\",\"url\":\"https:\/\/hull.de\/osnabrueck\/\",\"name\":\"Hull Osnabr\u00fcck\",\"description\":\"\",\"potentialAction\":[{\"@type\":\"SearchAction\",\"target\":{\"@type\":\"EntryPoint\",\"urlTemplate\":\"https:\/\/hull.de\/osnabrueck\/?s={search_term_string}\"},\"query-input\":{\"@type\":\"PropertyValueSpecification\",\"valueRequired\":true,\"valueName\":\"search_term_string\"}}],\"inLanguage\":\"de\"}]}<\/script>\n<!-- \/ Yoast SEO plugin. -->","yoast_head_json":{"title":"Kindergeburstage - Hull Osnabr\u00fcck","robots":{"index":"index","follow":"follow","max-snippet":"max-snippet:-1","max-image-preview":"max-image-preview:large","max-video-preview":"max-video-preview:-1"},"canonical":"https:\/\/hull.de\/osnabrueck\/kindergeburstage\/","og_locale":"de_DE","og_type":"article","og_title":"Kindergeburstage - Hull Osnabr\u00fcck","og_url":"https:\/\/hull.de\/osnabrueck\/kindergeburstage\/","og_site_name":"Hull Osnabr\u00fcck","article_modified_time":"2025-08-20T09:27:34+00:00","twitter_card":"summary_large_image","twitter_misc":{"Gesch\u00e4tzte Lesezeit":"7\u00a0Minuten"},"schema":{"@context":"https:\/\/schema.org","@graph":[{"@type":"WebPage","@id":"https:\/\/hull.de\/osnabrueck\/kindergeburstage\/","url":"https:\/\/hull.de\/osnabrueck\/kindergeburstage\/","name":"Kindergeburstage - Hull Osnabr\u00fcck","isPartOf":{"@id":"https:\/\/hull.de\/osnabrueck\/#website"},"datePublished":"2022-01-05T12:38:42+00:00","dateModified":"2025-08-20T09:27:34+00:00","breadcrumb":{"@id":"https:\/\/hull.de\/osnabrueck\/kindergeburstage\/#breadcrumb"},"inLanguage":"de","potentialAction":[{"@type":"ReadAction","target":["https:\/\/hull.de\/osnabrueck\/kindergeburstage\/"]}]},{"@type":"BreadcrumbList","@id":"https:\/\/hull.de\/osnabrueck\/kindergeburstage\/#breadcrumb","itemListElement":[{"@type":"ListItem","position":1,"name":"Startseite","item":"https:\/\/hull.de\/osnabrueck\/"},{"@type":"ListItem","position":2,"name":"Kindergeburstage"}]},{"@type":"WebSite","@id":"https:\/\/hull.de\/osnabrueck\/#website","url":"https:\/\/hull.de\/osnabrueck\/","name":"Hull Osnabr\u00fcck","description":"","potentialAction":[{"@type":"SearchAction","target":{"@type":"EntryPoint","urlTemplate":"https:\/\/hull.de\/osnabrueck\/?s={search_term_string}"},"query-input":{"@type":"PropertyValueSpecification","valueRequired":true,"valueName":"search_term_string"}}],"inLanguage":"de"}]}},"_links":{"self":[{"href":"https:\/\/hull.de\/osnabrueck\/wp-json\/wp\/v2\/pages\/14764","targetHints":{"allow":["GET"]}}],"collection":[{"href":"https:\/\/hull.de\/osnabrueck\/wp-json\/wp\/v2\/pages"}],"about":[{"href":"https:\/\/hull.de\/osnabrueck\/wp-json\/wp\/v2\/types\/page"}],"author":[{"embeddable":true,"href":"https:\/\/hull.de\/osnabrueck\/wp-json\/wp\/v2\/users\/1"}],"replies":[{"embeddable":true,"href":"https:\/\/hull.de\/osnabrueck\/wp-json\/wp\/v2\/comments?post=14764"}],"version-history":[{"count":8,"href":"https:\/\/hull.de\/osnabrueck\/wp-json\/wp\/v2\/pages\/14764\/revisions"}],"predecessor-version":[{"id":16896,"href":"https:\/\/hull.de\/osnabrueck\/wp-json\/wp\/v2\/pages\/14764\/revisions\/16896"}],"wp:attachment":[{"href":"https:\/\/hull.de\/osnabrueck\/wp-json\/wp\/v2\/media?parent=14764"}],"curies":[{"name":"wp","href":"https:\/\/api.w.org\/{rel}","templated":true}]}}