{"id":9930,"date":"2022-01-03T23:46:21","date_gmt":"2022-01-03T22:46:21","guid":{"rendered":"http:\/\/hull.de\/osnabrueck\/?page_id=9930"},"modified":"2026-03-13T09:49:19","modified_gmt":"2026-03-13T08:49:19","slug":"privatstunde","status":"publish","type":"page","link":"https:\/\/hull.de\/osnabrueck\/privatstunde\/","title":{"rendered":"Privatstunde"},"content":{"rendered":"<p><div class=\"fusion-fullwidth fullwidth-box fusion-builder-row-1 fusion-flex-container fusion-parallax-none nonhundred-percent-fullwidth non-hundred-percent-height-scrolling\" style=\"--awb-border-radius-top-left:0px;--awb-border-radius-top-right:0px;--awb-border-radius-bottom-right:0px;--awb-border-radius-bottom-left:0px;--awb-min-height:300px;--awb-background-image:url(&quot;https:\/\/hull.de\/osnabrueck\/wp-content\/uploads\/sites\/2\/2022\/01\/Privatstunden_Header.jpg&quot;);--awb-background-size:cover;--awb-flex-wrap:wrap;\" ><div class=\"fusion-builder-row fusion-row fusion-flex-align-items-center fusion-flex-content-wrap\" style=\"max-width:1216.8px;margin-left: calc(-4% \/ 2 );margin-right: calc(-4% \/ 2 );\"><div class=\"fusion-layout-column fusion_builder_column fusion-builder-column-0 fusion_builder_column_1_1 1_1 fusion-flex-column\" style=\"--awb-bg-size:cover;--awb-width-large:100%;--awb-margin-top-large:15px;--awb-spacing-right-large:1.92%;--awb-margin-bottom-large:15px;--awb-spacing-left-large:1.92%;--awb-width-medium:100%;--awb-order-medium:0;--awb-spacing-right-medium:1.92%;--awb-spacing-left-medium:1.92%;--awb-width-small:100%;--awb-order-small:0;--awb-spacing-right-small:1.92%;--awb-spacing-left-small:1.92%;\"><div class=\"fusion-column-wrapper fusion-column-has-shadow fusion-flex-justify-content-flex-start fusion-content-layout-column\"><div class=\"fusion-title title fusion-title-1 fusion-sep-none fusion-title-text fusion-title-size-one\" style=\"--awb-text-color:#ffffff;\"><h1 class=\"fusion-title-heading title-heading-left fusion-responsive-typography-calculated\" style=\"margin:0;--fontSize:90;line-height:1;\">Privatstunde<\/h1><\/div><\/div><\/div><\/div><\/div><div class=\"fusion-fullwidth fullwidth-box fusion-builder-row-2 fusion-flex-container nonhundred-percent-fullwidth non-hundred-percent-height-scrolling\" style=\"--awb-background-position:left top;--awb-border-sizes-top:0px;--awb-border-sizes-bottom:0px;--awb-border-sizes-left:0px;--awb-border-sizes-right:0px;--awb-border-radius-top-left:0px;--awb-border-radius-top-right:0px;--awb-border-radius-bottom-right:0px;--awb-border-radius-bottom-left:0px;--awb-padding-top:3%;--awb-padding-bottom:3%;--awb-background-image:linear-gradient(180deg, #f7f7f7 0%,#ffffff 75%);--awb-flex-wrap:wrap;\" ><div class=\"fusion-builder-row fusion-row fusion-flex-align-items-flex-start fusion-flex-justify-content-center fusion-flex-content-wrap\" style=\"max-width:calc( 1170px + 0px );margin-left: calc(-0px \/ 2 );margin-right: calc(-0px \/ 2 );\"><div class=\"fusion-layout-column fusion_builder_column fusion-builder-column-1 fusion_builder_column_1_1 1_1 fusion-flex-column fusion-animated\" style=\"--awb-bg-blend:overlay;--awb-bg-size:cover;--awb-width-large:100%;--awb-margin-top-large:0px;--awb-spacing-right-large:0px;--awb-margin-bottom-large:0px;--awb-spacing-left-large:0px;--awb-width-medium:100%;--awb-spacing-right-medium:0px;--awb-spacing-left-medium:0px;--awb-width-small:100%;--awb-spacing-right-small:0px;--awb-spacing-left-small:0px;\" data-animationType=\"fadeInDown\" data-animationDuration=\"1.0\" data-animationOffset=\"top-into-view\"><div class=\"fusion-column-wrapper fusion-flex-justify-content-flex-start fusion-content-layout-column\"><div class=\"fusion-text fusion-text-1\" style=\"--awb-text-transform:none;\"><p><b>Private Tanzstunden \u2013 flexibel, individuell, exklusiv<\/b><\/p>\n<p>Euer Kalender ist voll und unsere regul\u00e4ren Kurszeiten passen nicht? Kein Problem! Mit unseren privaten Tanzstunden entscheidet ihr selbst, wann und wie ihr tanzen m\u00f6chtet.<\/p>\n<p>Ob komplett neu starten, versch\u00fcttete Tanzkenntnisse auffrischen oder euch gezielt auf euren gro\u00dfen Moment vorbereiten \u2013 wir gestalten euren Unterricht ganz nach euren W\u00fcnschen.<\/p>\n<p>Ihr m\u00f6chtet als Paar tanzen, alleine, oder mit eurer eigenen kleinen Gruppe? Alles ist m\u00f6glich! Und bei der Auswahl des Tanzes sind eurer Fantasie keine Grenzen gesetzt: von klassischen Hochzeitst\u00e4nzen \u00fcber trendige Partychoreos bis hin zu ausgefeilten Flashmobs f\u00fcr besondere Events. <b>Auch Bachata und Heels werden als Privatstunden angeboten!<\/b><\/p>\n<p>Eines k\u00f6nnen wir euch versprechen: <b>Ihr werdet schnell, sicher und mit richtig viel Spa\u00df \u00fcber das Parkett schweben!<\/b><\/p>\n<p><b>Preis:<\/b><\/p>\n<p>Private Tanzstunden beginnen <b>ab 100 \u20ac pro Stunde und Paar.<\/b> Die Bezahlung erfolgt <b>direkt im Anschluss an die Stunde vor Ort<\/b>, entweder <b>bar oder per Kartenzahlung<\/b>.<\/p>\n<p><b>Stornierungsbedingungen:<\/b><\/p>\n<p>Bei einer <b>Absage weniger als 24 Stunden<\/b> <b>vor dem gebuchten Termin<\/b> werden <b>70 % der Kosten berechnet<\/b>.<\/p>\n<p>Individuelle Gruppenangebote erstellen wir euch gerne auf Anfrage.<\/p>\n<\/div><div ><a class=\"fusion-button button-flat fusion-button-default-size button-default fusion-button-default button-1 fusion-button-default-span fusion-button-default-type\" target=\"_self\" href=\"https:\/\/zeeg.me\/akochetkova\/privatstunde-60-minuten\"><span class=\"fusion-button-text\">HIER geht\u00b4s direkt zur Buchung! <\/span><\/a><\/div><div class=\"fusion-text fusion-text-2\" style=\"--awb-margin-top:20px;\"><p>Falls euch keiner der Termine zusagt, f\u00fcllt gerne das untenstehende Kontaktformular aus und wir melden uns bei euch zur\u00fcck.<\/p>\n<\/div><\/div><\/div><\/div><\/div><div class=\"fusion-fullwidth fullwidth-box fusion-builder-row-3 fusion-flex-container fusion-parallax-none hundred-percent-fullwidth non-hundred-percent-height-scrolling\" style=\"--awb-background-position:center top;--awb-border-radius-top-left:0px;--awb-border-radius-top-right:0px;--awb-border-radius-bottom-right:0px;--awb-border-radius-bottom-left:0px;--awb-padding-top:125px;--awb-padding-right:0px;--awb-padding-bottom:0px;--awb-padding-left:0px;--awb-margin-top:5px;--awb-margin-bottom:0px;--awb-min-height:750px;--awb-background-color:#000000;--awb-background-image:linear-gradient(180deg, rgba(0,0,0,0.27) 57%,rgba(255,255,255,0.44) 100%),url(https:\/\/hull.de\/osnabrueck\/wp-content\/uploads\/sites\/2\/2022\/02\/HULL_Fredos-18.jpg);;--awb-background-size:cover;--awb-flex-wrap:wrap;\" ><div class=\"fusion-builder-row fusion-row fusion-flex-align-items-stretch fusion-flex-align-content-center fusion-flex-content-wrap\" style=\"width:calc( 100% + 0px ) !important;max-width:calc( 100% + 0px ) !important;margin-left: calc(-0px \/ 2 );margin-right: calc(-0px \/ 2 );\"><div class=\"fusion-layout-column fusion_builder_column fusion-builder-column-2 fusion_builder_column_1_2 1_2 fusion-flex-column fusion-animated\" style=\"--awb-bg-size:cover;--awb-border-color:#fd2069;--awb-border-top:0px;--awb-border-right:0px;--awb-border-bottom:0px;--awb-border-left:0px;--awb-border-style:solid;--awb-width-large:50%;--awb-margin-top-large:15px;--awb-spacing-right-large:0px;--awb-margin-bottom-large:15px;--awb-spacing-left-large:0px;--awb-width-medium:100%;--awb-order-medium:0;--awb-spacing-right-medium:0px;--awb-spacing-left-medium:0px;--awb-width-small:100%;--awb-order-small:0;--awb-spacing-right-small:0px;--awb-spacing-left-small:0px;\" data-animationType=\"fadeInLeft\" data-animationDuration=\"1.0\" data-animationOffset=\"top-into-view\"><div class=\"fusion-column-wrapper fusion-column-has-shadow fusion-flex-justify-content-center fusion-content-layout-column\"><div class=\"fusion-builder-row fusion-builder-row-inner fusion-row fusion-flex-align-items-stretch fusion-flex-align-content-center fusion-flex-content-wrap\" style=\"width:calc( 100% + 0px ) !important;max-width:calc( 100% + 0px ) !important;margin-left: calc(-0px \/ 2 );margin-right: calc(-0px \/ 2 );\"><div class=\"fusion-layout-column fusion_builder_column_inner fusion-builder-nested-column-0 fusion_builder_column_inner_1_6 1_6 fusion-flex-column\" style=\"--awb-bg-size:cover;--awb-width-large:16.666666666667%;--awb-margin-top-large:15px;--awb-spacing-right-large:0px;--awb-margin-bottom-large:15px;--awb-spacing-left-large:0px;--awb-width-medium:100%;--awb-spacing-right-medium:0px;--awb-spacing-left-medium:0px;--awb-width-small:100%;--awb-spacing-right-small:0px;--awb-spacing-left-small:0px;\"><div class=\"fusion-column-wrapper fusion-flex-justify-content-flex-start fusion-content-layout-column\"><div class=\"fusion-separator\" style=\"align-self: flex-start;margin-right:auto;margin-top:5px;margin-bottom:10px;width:100%;max-width:60%;\"><div class=\"fusion-separator-border sep-single sep-solid\" style=\"--awb-height:20px;--awb-amount:20px;--awb-sep-color:#a353ba;border-color:#a353ba;border-top-width:3px;\"><\/div><\/div><\/div><\/div><div class=\"fusion-layout-column fusion_builder_column_inner fusion-builder-nested-column-1 fusion_builder_column_inner_5_6 5_6 fusion-flex-column\" style=\"--awb-padding-left:30px;--awb-bg-size:cover;--awb-width-large:83.333333333333%;--awb-margin-top-large:0px;--awb-spacing-right-large:0px;--awb-margin-bottom-large:0px;--awb-spacing-left-large:0px;--awb-width-medium:100%;--awb-spacing-right-medium:0px;--awb-spacing-left-medium:0px;--awb-width-small:100%;--awb-spacing-right-small:0px;--awb-spacing-left-small:0px;\"><div class=\"fusion-column-wrapper fusion-flex-justify-content-flex-start fusion-content-layout-column\"><div class=\"fusion-text fusion-text-3\"><h4><span style=\"color: #ffffff\">Das perfekte\u00a0 Geschenk<\/span><\/h4>\n<\/div><div class=\"fusion-title title fusion-title-2 fusion-sep-none fusion-title-text fusion-title-size-two\" style=\"--awb-text-color:#ffffff;--awb-margin-top:15px;--awb-font-size:130px;\"><h2 class=\"fusion-title-heading title-heading-left fusion-responsive-typography-calculated\" style=\"margin:0;font-size:1em;--fontSize:130;line-height:1;\">UNSERE GUTSCHEINE<\/h2><\/div><div class=\"fusion-text fusion-text-4\" style=\"--awb-font-size:18px;--awb-text-transform:none;--awb-text-color:#ffffff;--awb-text-font-family:&quot;Roboto&quot;;--awb-text-font-style:normal;--awb-text-font-weight:300;\"><p>Wertgutscheine \/ 3 Jahre g\u00fcltig \/ online oder vor Ort erwerbbar<\/p>\n<\/div><\/div><\/div><\/div><\/div><\/div><div class=\"fusion-layout-column fusion_builder_column fusion-builder-column-3 fusion_builder_column_1_2 1_2 fusion-flex-column fusion-animated\" style=\"--awb-padding-left:30px;--awb-bg-size:cover;--awb-width-large:50%;--awb-margin-top-large:0px;--awb-spacing-right-large:0px;--awb-margin-bottom-large:0px;--awb-spacing-left-large:0px;--awb-width-medium:100%;--awb-spacing-right-medium:0px;--awb-spacing-left-medium:0px;--awb-width-small:100%;--awb-spacing-right-small:0px;--awb-spacing-left-small:0px;\" data-animationType=\"fadeInRight\" data-animationDuration=\"1.0\" data-animationOffset=\"top-into-view\"><div class=\"fusion-column-wrapper fusion-flex-justify-content-center fusion-content-layout-column\"><div class=\"fusion-builder-row fusion-builder-row-inner fusion-row fusion-flex-align-items-stretch fusion-flex-align-content-center fusion-flex-content-wrap\" style=\"width:calc( 100% + 0px ) !important;max-width:calc( 100% + 0px ) !important;margin-left: calc(-0px \/ 2 );margin-right: calc(-0px \/ 2 );\"><div class=\"fusion-layout-column fusion_builder_column_inner fusion-builder-nested-column-2 fusion_builder_column_inner_1_3 1_3 fusion-flex-column\" style=\"--awb-bg-size:cover;--awb-width-large:33.333333333333%;--awb-margin-top-large:15px;--awb-spacing-right-large:0px;--awb-margin-bottom-large:15px;--awb-spacing-left-large:0px;--awb-width-medium:100%;--awb-spacing-right-medium:0px;--awb-spacing-left-medium:0px;--awb-width-small:100%;--awb-spacing-right-small:0px;--awb-spacing-left-small:0px;\"><div class=\"fusion-column-wrapper fusion-flex-justify-content-flex-start fusion-content-layout-column\"><\/div><\/div><div class=\"fusion-layout-column fusion_builder_column_inner fusion-builder-nested-column-3 fusion_builder_column_inner_2_3 2_3 fusion-flex-column fusion-column-inner-bg-wrapper fusion-column-liftup-border\" style=\"--awb-padding-top:10%;--awb-padding-right:10%;--awb-padding-bottom:10%;--awb-padding-left:6%;--awb-inner-bg-color:#a353ba;--awb-inner-bg-color-hover:#a353ba;--awb-inner-bg-size:cover;--awb-width-large:66.666666666667%;--awb-margin-top-large:15px;--awb-spacing-right-large:0px;--awb-margin-bottom-large:15px;--awb-spacing-left-large:0px;--awb-width-medium:100%;--awb-order-medium:0;--awb-spacing-right-medium:0px;--awb-spacing-left-medium:0px;--awb-width-small:100%;--awb-order-small:0;--awb-spacing-right-small:0px;--awb-spacing-left-small:0px;\"><span class=\"fusion-column-inner-bg hover-type-liftup\"><a class=\"fusion-column-anchor\" href=\"https:\/\/hull.de\/osnabrueck\/gutscheine\/\"><span class=\"fusion-column-inner-bg-image\"><\/span><\/a><\/span><div class=\"fusion-column-wrapper fusion-flex-justify-content-center fusion-content-layout-column\"><div ><a class=\"fusion-button button-flat button-xlarge button-custom fusion-button-default button-2 fusion-button-default-span fusion-button-default-type\" style=\"--button_accent_color:#ffffff;--button_accent_hover_color:#ffffff;--button_border_hover_color:#ffffff;--button_gradient_top_color:rgba(74,213,117,0);--button_gradient_bottom_color:rgba(74,213,117,0);--button_gradient_top_color_hover:rgba(85,227,129,0);--button_gradient_bottom_color_hover:rgba(85,227,129,0);--button_typography-letter-spacing:3px;--button_typography-font-family:&quot;Bebas Neue&quot;;\" target=\"_blank\" rel=\"noopener noreferrer\" href=\"https:\/\/hull.de\/osnabrueck\/gutscheine\/\"><span class=\"fusion-button-text\">Mehr erfahren<\/span><i class=\"fa-angle-right fas button-icon-right\" aria-hidden=\"true\"><\/i><\/a><\/div><\/div><\/div><\/div><\/div><\/div><\/div><\/div><\/p>\n","protected":false},"excerpt":{"rendered":"","protected":false},"author":1,"featured_media":0,"parent":0,"menu_order":0,"comment_status":"closed","ping_status":"closed","template":"100-width.php","meta":{"footnotes":"","_links_to":"","_links_to_target":""},"class_list":["post-9930","page","type-page","status-publish","hentry"],"yoast_head":"<!-- This site is optimized with the Yoast SEO plugin v24.9 - https:\/\/yoast.com\/wordpress\/plugins\/seo\/ -->\n<title>Privatstunde - Hull Osnabr\u00fcck<\/title>\n<meta name=\"robots\" content=\"index, follow, max-snippet:-1, max-image-preview:large, max-video-preview:-1\" \/>\n<link rel=\"canonical\" href=\"https:\/\/hull.de\/osnabrueck\/privatstunde\/\" \/>\n<meta property=\"og:locale\" content=\"de_DE\" \/>\n<meta property=\"og:type\" content=\"article\" \/>\n<meta property=\"og:title\" content=\"Privatstunde - Hull Osnabr\u00fcck\" \/>\n<meta property=\"og:url\" content=\"https:\/\/hull.de\/osnabrueck\/privatstunde\/\" \/>\n<meta property=\"og:site_name\" content=\"Hull Osnabr\u00fcck\" \/>\n<meta property=\"article:modified_time\" content=\"2026-03-13T08:49:19+00:00\" \/>\n<meta name=\"twitter:card\" content=\"summary_large_image\" \/>\n<meta name=\"twitter:label1\" content=\"Gesch\u00e4tzte Lesezeit\" \/>\n\t<meta name=\"twitter:data1\" content=\"11\u00a0Minuten\" \/>\n<script type=\"application\/ld+json\" class=\"yoast-schema-graph\">{\"@context\":\"https:\/\/schema.org\",\"@graph\":[{\"@type\":\"WebPage\",\"@id\":\"https:\/\/hull.de\/osnabrueck\/privatstunde\/\",\"url\":\"https:\/\/hull.de\/osnabrueck\/privatstunde\/\",\"name\":\"Privatstunde - Hull Osnabr\u00fcck\",\"isPartOf\":{\"@id\":\"https:\/\/hull.de\/osnabrueck\/#website\"},\"datePublished\":\"2022-01-03T22:46:21+00:00\",\"dateModified\":\"2026-03-13T08:49:19+00:00\",\"breadcrumb\":{\"@id\":\"https:\/\/hull.de\/osnabrueck\/privatstunde\/#breadcrumb\"},\"inLanguage\":\"de\",\"potentialAction\":[{\"@type\":\"ReadAction\",\"target\":[\"https:\/\/hull.de\/osnabrueck\/privatstunde\/\"]}]},{\"@type\":\"BreadcrumbList\",\"@id\":\"https:\/\/hull.de\/osnabrueck\/privatstunde\/#breadcrumb\",\"itemListElement\":[{\"@type\":\"ListItem\",\"position\":1,\"name\":\"Startseite\",\"item\":\"https:\/\/hull.de\/osnabrueck\/\"},{\"@type\":\"ListItem\",\"position\":2,\"name\":\"Privatstunde\"}]},{\"@type\":\"WebSite\",\"@id\":\"https:\/\/hull.de\/osnabrueck\/#website\",\"url\":\"https:\/\/hull.de\/osnabrueck\/\",\"name\":\"Hull Osnabr\u00fcck\",\"description\":\"\",\"potentialAction\":[{\"@type\":\"SearchAction\",\"target\":{\"@type\":\"EntryPoint\",\"urlTemplate\":\"https:\/\/hull.de\/osnabrueck\/?s={search_term_string}\"},\"query-input\":{\"@type\":\"PropertyValueSpecification\",\"valueRequired\":true,\"valueName\":\"search_term_string\"}}],\"inLanguage\":\"de\"}]}<\/script>\n<!-- \/ Yoast SEO plugin. -->","yoast_head_json":{"title":"Privatstunde - Hull Osnabr\u00fcck","robots":{"index":"index","follow":"follow","max-snippet":"max-snippet:-1","max-image-preview":"max-image-preview:large","max-video-preview":"max-video-preview:-1"},"canonical":"https:\/\/hull.de\/osnabrueck\/privatstunde\/","og_locale":"de_DE","og_type":"article","og_title":"Privatstunde - Hull Osnabr\u00fcck","og_url":"https:\/\/hull.de\/osnabrueck\/privatstunde\/","og_site_name":"Hull Osnabr\u00fcck","article_modified_time":"2026-03-13T08:49:19+00:00","twitter_card":"summary_large_image","twitter_misc":{"Gesch\u00e4tzte Lesezeit":"11\u00a0Minuten"},"schema":{"@context":"https:\/\/schema.org","@graph":[{"@type":"WebPage","@id":"https:\/\/hull.de\/osnabrueck\/privatstunde\/","url":"https:\/\/hull.de\/osnabrueck\/privatstunde\/","name":"Privatstunde - Hull Osnabr\u00fcck","isPartOf":{"@id":"https:\/\/hull.de\/osnabrueck\/#website"},"datePublished":"2022-01-03T22:46:21+00:00","dateModified":"2026-03-13T08:49:19+00:00","breadcrumb":{"@id":"https:\/\/hull.de\/osnabrueck\/privatstunde\/#breadcrumb"},"inLanguage":"de","potentialAction":[{"@type":"ReadAction","target":["https:\/\/hull.de\/osnabrueck\/privatstunde\/"]}]},{"@type":"BreadcrumbList","@id":"https:\/\/hull.de\/osnabrueck\/privatstunde\/#breadcrumb","itemListElement":[{"@type":"ListItem","position":1,"name":"Startseite","item":"https:\/\/hull.de\/osnabrueck\/"},{"@type":"ListItem","position":2,"name":"Privatstunde"}]},{"@type":"WebSite","@id":"https:\/\/hull.de\/osnabrueck\/#website","url":"https:\/\/hull.de\/osnabrueck\/","name":"Hull Osnabr\u00fcck","description":"","potentialAction":[{"@type":"SearchAction","target":{"@type":"EntryPoint","urlTemplate":"https:\/\/hull.de\/osnabrueck\/?s={search_term_string}"},"query-input":{"@type":"PropertyValueSpecification","valueRequired":true,"valueName":"search_term_string"}}],"inLanguage":"de"}]}},"_links":{"self":[{"href":"https:\/\/hull.de\/osnabrueck\/wp-json\/wp\/v2\/pages\/9930","targetHints":{"allow":["GET"]}}],"collection":[{"href":"https:\/\/hull.de\/osnabrueck\/wp-json\/wp\/v2\/pages"}],"about":[{"href":"https:\/\/hull.de\/osnabrueck\/wp-json\/wp\/v2\/types\/page"}],"author":[{"embeddable":true,"href":"https:\/\/hull.de\/osnabrueck\/wp-json\/wp\/v2\/users\/1"}],"replies":[{"embeddable":true,"href":"https:\/\/hull.de\/osnabrueck\/wp-json\/wp\/v2\/comments?post=9930"}],"version-history":[{"count":15,"href":"https:\/\/hull.de\/osnabrueck\/wp-json\/wp\/v2\/pages\/9930\/revisions"}],"predecessor-version":[{"id":17159,"href":"https:\/\/hull.de\/osnabrueck\/wp-json\/wp\/v2\/pages\/9930\/revisions\/17159"}],"wp:attachment":[{"href":"https:\/\/hull.de\/osnabrueck\/wp-json\/wp\/v2\/media?parent=9930"}],"curies":[{"name":"wp","href":"https:\/\/api.w.org\/{rel}","templated":true}]}}